{"id":34,"date":"2022-11-13T09:55:04","date_gmt":"2022-11-13T08:55:04","guid":{"rendered":"http:\/\/www.nicdarkthemes.com\/themes\/hotel\/wp\/demo\/?page_id=34"},"modified":"2023-03-24T16:02:17","modified_gmt":"2023-03-24T15:02:17","slug":"termos-e-condicoes","status":"publish","type":"page","link":"https:\/\/casacachada.pt\/es\/terminos-y-condiciones\/","title":{"rendered":"Condiciones generales"},"content":{"rendered":"<div class=\"vc_row wpb_row vc_row-fluid\"><div class=\"wpb_column vc_column_container vc_col-sm-12\"><div class=\"vc_column-inner\"><div class=\"wpb_wrapper\"><div class=\"vc_empty_space\"   style=\"height: 70px\"><span class=\"vc_empty_space_inner\"><\/span><\/div>\n\t<div class=\"wpb_text_column wpb_content_element\" >\n\t\t<div class=\"wpb_wrapper\">\n\t\t\t<h1><strong>Condiciones generales<\/strong><\/h1>\n<p>&nbsp;<\/p>\n<p>La informaci\u00f3n contenida en este sitio web es propiedad de Casa Cachada. Su\u00a0<em>descargar<\/em>, queda terminantemente prohibida la reproducci\u00f3n o el reenv\u00edo, total o parcial, con fines comerciales.<\/p>\n<p>El usuario de este sitio web no podr\u00e1 utilizar ning\u00fan software o aplicaci\u00f3n que interfiera en su normal funcionamiento. No podr\u00e1 utilizar ninguna aplicaci\u00f3n, mecanismo autom\u00e1tico o proceso manual para monitorizar o copiar sus p\u00e1ginas, sin el previo consentimiento y autorizaci\u00f3n de Casa Cachada.<\/p>\n<p>&nbsp;<\/p>\n<p><strong>RESERVAS<\/strong><\/p>\n<p><strong>CONDICIONES GENERALES<\/strong><\/p>\n<p>Estas condiciones, que podr\u00e1n modificarse en cualquier momento sin previo aviso, se aplican a todos nuestros servicios. Al acceder, navegar y utilizar nuestro sitio web y\/o completar una reserva, usted reconoce y acepta que ha le\u00eddo, comprendido y aceptado los t\u00e9rminos y condiciones que se citan a continuaci\u00f3n.<\/p>\n<p>El contenido, la infraestructura y el servicio de reservas en l\u00ednea proporcionados a trav\u00e9s de este sitio web son propiedad de Casa Cachada y se ponen a su disposici\u00f3n \u00fanicamente para su uso personal y no comercial, sujeto a los t\u00e9rminos y condiciones establecidos a continuaci\u00f3n.<\/p>\n<p>&nbsp;<\/p>\n<ol>\n<li><strong> Alcance de nuestro servicio<\/strong><\/li>\n<\/ol>\n<p>Casa Cachada ofrece una plataforma web a trav\u00e9s de la cual anuncia sus alojamientos y habitaciones para reservar, y los visitantes del sitio web pueden hacer reservas.<\/p>\n<p>Nuestros servicios est\u00e1n disponibles \u00fanicamente para uso personal y no comercial. Por lo tanto, no est\u00e1 permitido vender, establecer hiperv\u00ednculos, utilizar, copiar, controlar, mostrar, descargar o reproducir ning\u00fan contenido o informaci\u00f3n, software, productos o servicios disponibles en nuestro sitio web para ninguna actividad o fin comercial o competitivo.<\/p>\n<p>&nbsp;<\/p>\n<ol start=\"2\">\n<li><strong> Precios<\/strong><\/li>\n<\/ol>\n<p>Todos los precios de este sitio web se indican por estancia completa o por habitaci\u00f3n, seg\u00fan el alojamiento, e incluyen el IVA (los tipos de IVA est\u00e1n sujetos a cambios por imposici\u00f3n gubernamental).<\/p>\n<p>&nbsp;<\/p>\n<ol start=\"3\">\n<li><strong> Privacidad<\/strong><\/li>\n<\/ol>\n<p>Casa Cachada se rige por altos est\u00e1ndares \u00e9ticos y respeta su privacidad. Sus datos personales s\u00f3lo se utilizan para el prop\u00f3sito de la reserva, no vamos a revelar su informaci\u00f3n personal a terceros sin su consentimiento.<\/p>\n<p>&nbsp;<\/p>\n<ol start=\"4\">\n<li><strong> Anulaci\u00f3n<\/strong><\/li>\n<\/ol>\n<p>Al hacer una reserva, usted acepta y est\u00e1 de acuerdo con las condiciones de cancelaci\u00f3n y no show del d\u00eda para el que ha hecho la reserva. Le recomendamos que lea atentamente las condiciones de cancelaci\u00f3n y no show del hotel antes de hacer su reserva.<\/p>\n<p>&nbsp;<\/p>\n<p><strong>4.1 Pol\u00edtica de cancelaci\u00f3n<\/strong><\/p>\n<p>- Los gastos de cancelaci\u00f3n se basan en el coste total del alquiler:<\/p>\n<ul>\n<li>Cancelaci\u00f3n hasta 30 d\u00edas antes de la fecha de la reserva, p\u00e9rdida del 25% del dep\u00f3sito;<\/li>\n<li>Cancelaci\u00f3n hasta 30 d\u00edas antes de la fecha de la reserva, p\u00e9rdida del 25% del dep\u00f3sito;<\/li>\n<li>Anulaci\u00f3n a menos de 7 d\u00edas de la fecha de reserva, p\u00e9rdida total;<\/li>\n<\/ul>\n<p>- En caso de intercambio de fechas, seg\u00fan disponibilidad de Casa Cachada, se emitir\u00e1 un bono v\u00e1lido por 1 a\u00f1o;<\/p>\n<p>&nbsp;<\/p>\n<ol start=\"5\">\n<li><strong> Pagos<\/strong><\/li>\n<\/ol>\n<p>- Pago en la p\u00e1gina web del 50% del importe total de la reserva. Pago del importe restante en el check-in, en efectivo, en nuestros establecimientos.<\/p>\n<p>&nbsp;<\/p>\n<ol start=\"6\">\n<li><strong> Condiciones<\/strong><\/li>\n<\/ol>\n<p>- Registro: de 16:00 a 20:00<\/p>\n<p>- Check-out: 9 \u00e0s 11h<\/p>\n<p>- El check-in debe reservarse.<\/p>\n<p>- Los hu\u00e9spedes que tengan previsto llegar despu\u00e9s de las 20:00 deber\u00e1n informarnos con antelaci\u00f3n.<\/p>\n<p>- Los datos de contacto figuran en la confirmaci\u00f3n de la reserva.<\/p>\n<p>- No se admiten animales de compa\u00f1\u00eda.<\/p>\n\n\t\t<\/div>\n\t<\/div>\n<\/div><\/div><\/div><\/div><div class=\"vc_row wpb_row vc_row-fluid\"><div class=\"wpb_column vc_column_container vc_col-sm-12\"><div class=\"vc_column-inner\"><div class=\"wpb_wrapper\"><div class=\"vc_empty_space\"   style=\"height: 32px\"><span class=\"vc_empty_space_inner\"><\/span><\/div><\/div><\/div><\/div><\/div>","protected":false},"excerpt":{"rendered":"Termos &amp; Condi\u00e7\u00f5es &nbsp; A informa\u00e7\u00e3o contida neste website \u00e9 propriedade da Casa Cachada. O seu\u00a0download, reprodu\u00e7\u00e3o ou reenvio, parcial ou integral para fins comerciais, \u00e9 estritamente proibido. O utilizador deste website n\u00e3o poder\u00e1 utilizar qualquer software ou aplica\u00e7\u00e3o que interfira com o normal funcionamento do mesmo. N\u00e3o poder\u00e1 utilizar qualquer aplica\u00e7\u00e3o, mecanismo autom\u00e1tico ou [...]","protected":false},"author":1,"featured_media":0,"parent":0,"menu_order":0,"comment_status":"closed","ping_status":"closed","template":"","meta":{"footnotes":""},"_links":{"self":[{"href":"https:\/\/casacachada.pt\/es\/wp-json\/wp\/v2\/pages\/34"}],"collection":[{"href":"https:\/\/casacachada.pt\/es\/wp-json\/wp\/v2\/pages"}],"about":[{"href":"https:\/\/casacachada.pt\/es\/wp-json\/wp\/v2\/types\/page"}],"author":[{"embeddable":true,"href":"https:\/\/casacachada.pt\/es\/wp-json\/wp\/v2\/users\/1"}],"replies":[{"embeddable":true,"href":"https:\/\/casacachada.pt\/es\/wp-json\/wp\/v2\/comments?post=34"}],"version-history":[{"count":7,"href":"https:\/\/casacachada.pt\/es\/wp-json\/wp\/v2\/pages\/34\/revisions"}],"predecessor-version":[{"id":3579,"href":"https:\/\/casacachada.pt\/es\/wp-json\/wp\/v2\/pages\/34\/revisions\/3579"}],"wp:attachment":[{"href":"https:\/\/casacachada.pt\/es\/wp-json\/wp\/v2\/media?parent=34"}],"curies":[{"name":"wp","href":"https:\/\/api.w.org\/{rel}","templated":true}]}}