{"id":3308,"date":"2022-10-13T16:52:15","date_gmt":"2022-10-13T15:52:15","guid":{"rendered":"https:\/\/casacachada.pt\/?page_id=3308"},"modified":"2022-10-13T16:52:15","modified_gmt":"2022-10-13T15:52:15","slug":"politica-de-cookies","status":"publish","type":"page","link":"https:\/\/casacachada.pt\/es\/politica-de-cookies\/","title":{"rendered":"Pol\u00edtica de cookies"},"content":{"rendered":"<div class=\"vc_row wpb_row vc_row-fluid vc_custom_1558362972941\"><div class=\"wpb_animate_when_almost_visible wpb_fadeIn fadeIn wpb_column vc_column_container vc_col-sm-12\"><div class=\"vc_column-inner\"><div class=\"wpb_wrapper\"><div class=\"vc_row wpb_row vc_inner vc_row-fluid\"><div class=\"wpb_column vc_column_container vc_col-sm-12\"><div class=\"vc_column-inner\"><div class=\"wpb_wrapper\">\n\t<div class=\"wpb_text_column wpb_content_element\" >\n\t\t<div class=\"wpb_wrapper\">\n\t\t\t<p><span class=\"actAsPara\">Las cookies son peque\u00f1os archivos que almacenan datos en el ordenador, televisor, tel\u00e9fono m\u00f3vil u otro dispositivo del interesado que utiliza determinados Servicios. Permiten a la entidad que coloca la cookie en el dispositivo reconocerle en diferentes sitios web, servicios, dispositivos y\/o sesiones de navegaci\u00f3n.<\/span><\/p>\n<p>En cualquier momento, el usuario puede, a trav\u00e9s de su navegador de Internet, decidir que se le notifique la recepci\u00f3n de cookies y bloquear su entrada en su sistema.<\/p>\n<p>El rechazo al uso de cookies en el sitio web puede suponer la imposibilidad de acceder a algunas de sus \u00e1reas o de recibir informaci\u00f3n personalizada.<br \/>\n<span class=\"actAsPara\">Puede encontrar m\u00e1s informaci\u00f3n sobre las cookies en el siguiente enlace: <a href=\"http:\/\/www.allaboutcookies.org\" target=\"_blank\" rel=\"noopener\">www.allaboutcookies.org<\/a><\/span><\/p>\n\n\t\t<\/div>\n\t<\/div>\n<\/div><\/div><\/div><\/div><\/div><\/div><\/div><\/div>","protected":false},"excerpt":{"rendered":"Os cookies s\u00e3o pequenos ficheiros que armazenam dados no computador, TV, telem\u00f3vel ou outro dispositivo do titular dos dados que utilize determinados Servi\u00e7os. Permitem que a entidade que coloca o cookie no dispositivo o reconhe\u00e7a em diferentes websites, servi\u00e7os, dispositivos e\/ou sess\u00f5es de navega\u00e7\u00e3o. A qualquer momento o utilizador pode, atrav\u00e9s do seu navegador de [...]","protected":false},"author":1,"featured_media":0,"parent":0,"menu_order":0,"comment_status":"closed","ping_status":"closed","template":"","meta":{"footnotes":""},"_links":{"self":[{"href":"https:\/\/casacachada.pt\/es\/wp-json\/wp\/v2\/pages\/3308"}],"collection":[{"href":"https:\/\/casacachada.pt\/es\/wp-json\/wp\/v2\/pages"}],"about":[{"href":"https:\/\/casacachada.pt\/es\/wp-json\/wp\/v2\/types\/page"}],"author":[{"embeddable":true,"href":"https:\/\/casacachada.pt\/es\/wp-json\/wp\/v2\/users\/1"}],"replies":[{"embeddable":true,"href":"https:\/\/casacachada.pt\/es\/wp-json\/wp\/v2\/comments?post=3308"}],"version-history":[{"count":1,"href":"https:\/\/casacachada.pt\/es\/wp-json\/wp\/v2\/pages\/3308\/revisions"}],"predecessor-version":[{"id":3309,"href":"https:\/\/casacachada.pt\/es\/wp-json\/wp\/v2\/pages\/3308\/revisions\/3309"}],"wp:attachment":[{"href":"https:\/\/casacachada.pt\/es\/wp-json\/wp\/v2\/media?parent=3308"}],"curies":[{"name":"wp","href":"https:\/\/api.w.org\/{rel}","templated":true}]}}