{"id":30,"date":"2017-06-30T09:54:24","date_gmt":"2017-06-30T09:54:24","guid":{"rendered":"http:\/\/www.nicdarkthemes.com\/themes\/hotel\/wp\/demo\/?page_id=30"},"modified":"2024-03-09T13:36:12","modified_gmt":"2024-03-09T12:36:12","slug":"booking-2","status":"publish","type":"page","link":"https:\/\/casacachada.pt\/es\/booking-2\/","title":{"rendered":"Booking"},"content":{"rendered":"<div class=\"vc_row wpb_row vc_row-fluid desktop\"><div class=\"wpb_column vc_column_container vc_col-sm-4\"><div class=\"vc_column-inner\"><div class=\"wpb_wrapper\"><div style=\"background-color:;height: 30px\" class=\"nicdark_section\"><\/div>\n\t<div class=\"wpb_text_column wpb_content_element\" >\n\t\t<div class=\"wpb_wrapper\">\n\t\t\t\n\n            <div class=\"nd_booking_section\">\n\n                <div class=\"nd_booking_float_left nd_booking_width_100_percentage nd_booking_box_sizing_border_box\">\n                    <p>Please select a room to make a reservation<\/p>\n                    <div class=\"nd_booking_section nd_booking_height_20\"><\/div>\n                    <a href=\"https:\/\/casacachada.pt\/es\/quartos\/\" class=\"nd_booking_bg_yellow nd_booking_padding_15_30_important nd_options_second_font_important nd_booking_border_radius_0_important nd_options_color_white nd_booking_cursor_pointer nd_booking_display_inline_block nd_booking_font_size_11 nd_booking_font_weight_bold nd_booking_letter_spacing_2\">RETURN TO SEARCH PAGE<\/a>\n                <\/div>\n\n            <\/div>\n\n        \n\n\t\t<\/div>\n\t<\/div>\n<\/div><\/div><\/div><div class=\"wpb_column vc_column_container vc_col-sm-8\"><div class=\"vc_column-inner\"><div class=\"wpb_wrapper\"><div style=\"background-color:;height: 30px\" class=\"nicdark_section\"><\/div>\n<div class=\"wpcf7 no-js\" id=\"wpcf7-f1302-o1\" lang=\"en-US\" dir=\"ltr\">\n<div class=\"screen-reader-response\"><p role=\"status\" aria-live=\"polite\" aria-atomic=\"true\"><\/p> <ul><\/ul><\/div>\n<form action=\"\/es\/wp-json\/wp\/v2\/pages\/30#wpcf7-f1302-o1\" method=\"post\" class=\"wpcf7-form init\" aria-label=\"Contact form\" novalidate=\"novalidate\" data-status=\"init\" data-trp-original-action=\"\/es\/wp-json\/wp\/v2\/pages\/30#wpcf7-f1302-o1\">\n<div style=\"display: none;\">\n<input type=\"hidden\" name=\"_wpcf7\" value=\"1302\" \/>\n<input type=\"hidden\" name=\"_wpcf7_version\" value=\"5.9.3\" \/>\n<input type=\"hidden\" name=\"_wpcf7_locale\" value=\"en_US\" \/>\n<input type=\"hidden\" name=\"_wpcf7_unit_tag\" value=\"wpcf7-f1302-o1\" \/>\n<input type=\"hidden\" name=\"_wpcf7_container_post\" value=\"0\" \/>\n<input type=\"hidden\" name=\"_wpcf7_posted_data_hash\" value=\"\" \/>\n<\/div>\n<h2 style=\"padding-top: 20px;\">A\u00f1ade tu informaci\u00f3n:\n<\/h2>\n<div class=\"row\">\n\t<div class=\"column\">\n\t\t<p style=\"padding-top: 20px;\">Nombre :<br \/>\n<span class=\"wpcf7-form-control-wrap\" data-name=\"your-name\"><input size=\"40\" class=\"wpcf7-form-control wpcf7-text wpcf7-validates-as-required\" aria-required=\"true\" aria-invalid=\"false\" value=\"\" type=\"text\" name=\"your-name\" \/><\/span>\n\t\t<\/p>\n\t\t<p style=\"padding-top: 20px;\">Correo electr\u00f3nico :<br \/>\n<span class=\"wpcf7-form-control-wrap\" data-name=\"your-email\"><input size=\"40\" class=\"wpcf7-form-control wpcf7-email wpcf7-validates-as-required wpcf7-text wpcf7-validates-as-email\" aria-required=\"true\" aria-invalid=\"false\" value=\"\" type=\"email\" name=\"your-email\" \/><\/span>\n\t\t<\/p>\n\t\t<p style=\"padding-top: 20px;\">Datos de entrada<br \/>\n<span class=\"wpcf7-form-control-wrap\" data-name=\"checkin\"><input class=\"wpcf7-form-control wpcf7-date wpcf7-validates-as-required wpcf7-validates-as-date\" aria-required=\"true\" aria-invalid=\"false\" value=\"\" type=\"date\" name=\"checkin\" \/><\/span>\n\t\t<\/p>\n\t\t<p style=\"padding-top: 20px;\">N\u00ba de adultos <span class=\"wpcf7-form-control-wrap\" data-name=\"number-1\"><input class=\"wpcf7-form-control wpcf7-number wpcf7-validates-as-required wpcf7-validates-as-number\" min=\"1\" max=\"9\" aria-required=\"true\" aria-invalid=\"false\" value=\"1\" type=\"number\" name=\"number-1\" \/><\/span>\n\t\t<\/p>\n\t\t<p style=\"padding-top: 20px;\">Casa o habitaciones<br \/>\n<span class=\"wpcf7-form-control-wrap\" data-name=\"checkbox-casa\"><span class=\"wpcf7-form-control wpcf7-checkbox wpcf7-validates-as-required\"><span class=\"wpcf7-list-item first\"><label><input type=\"checkbox\" name=\"checkbox-casa[]\" value=\"Casa\" \/><span class=\"wpcf7-list-item-label\">Casa<\/span><\/label><\/span><span class=\"wpcf7-list-item\"><label><input type=\"checkbox\" name=\"checkbox-casa[]\" value=\"Quarto da Fam\u00edlia\" \/><span class=\"wpcf7-list-item-label\">Quarto da Fam\u00edlia<\/span><\/label><\/span><span class=\"wpcf7-list-item\"><label><input type=\"checkbox\" name=\"checkbox-casa[]\" value=\"Quarto dos Netos\" \/><span class=\"wpcf7-list-item-label\">Quarto dos Netos<\/span><\/label><\/span><span class=\"wpcf7-list-item\"><label><input type=\"checkbox\" name=\"checkbox-casa[]\" value=\"Quarto do Av\u00f4\" \/><span class=\"wpcf7-list-item-label\">Quarto do Av\u00f4<\/span><\/label><\/span><span class=\"wpcf7-list-item\"><label><input type=\"checkbox\" name=\"checkbox-casa[]\" value=\"Quarto dos Pais\" \/><span class=\"wpcf7-list-item-label\">Quarto dos Pais<\/span><\/label><\/span><span class=\"wpcf7-list-item last\"><label><input type=\"checkbox\" name=\"checkbox-casa[]\" value=\"Quarto da M\u00e3e\" \/><span class=\"wpcf7-list-item-label\">Quarto da M\u00e3e<\/span><\/label><\/span><\/span><\/span>\n\t\t<\/p>\n\t<\/div>\n\t<div class=\"column\">\n\t\t<p style=\"padding-top: 20px;\">Contacto*<br \/>\n<span class=\"wpcf7-form-control-wrap\" data-name=\"Contato\"><input size=\"40\" class=\"wpcf7-form-control wpcf7-tel wpcf7-validates-as-required wpcf7-text wpcf7-validates-as-tel\" aria-required=\"true\" aria-invalid=\"false\" value=\"\" type=\"tel\" name=\"Contato\" \/><\/span>\n\t\t<\/p>\n\t\t<p style=\"padding-top: 20px;\">N\u00ba de noches<br \/>\n<span class=\"wpcf7-form-control-wrap\" data-name=\"number-2\"><input class=\"wpcf7-form-control wpcf7-number wpcf7-validates-as-required wpcf7-validates-as-number\" min=\"2\" aria-required=\"true\" aria-invalid=\"false\" value=\"2\" type=\"number\" name=\"number-2\" \/><\/span>\n\t\t<\/p>\n\t\t<p style=\"padding-top: 20px;\">Datos de salida<br \/>\n<span class=\"wpcf7-form-control-wrap\" data-name=\"checkout\"><input class=\"wpcf7-form-control wpcf7-date wpcf7-validates-as-required wpcf7-validates-as-date\" aria-required=\"true\" aria-invalid=\"false\" placeholder=\"\" value=\"\" type=\"date\" name=\"checkout\" \/><\/span>\n\t\t<\/p>\n\t\t<p style=\"padding-top: 20px;\">N\u00famero de ni\u00f1os <span class=\"wpcf7-form-control-wrap\" data-name=\"number-0\"><input class=\"wpcf7-form-control wpcf7-number wpcf7-validates-as-required wpcf7-validates-as-number\" min=\"0\" max=\"7\" aria-required=\"true\" aria-invalid=\"false\" value=\"0\" type=\"number\" name=\"number-0\" \/><\/span>\n\t\t<\/p>\n\t\t<p style=\"padding-top: 20px;\">Informaci\u00f3n adicional<br \/>\n<span class=\"wpcf7-form-control-wrap\" data-name=\"your-message\"><textarea cols=\"40\" rows=\"3\" class=\"wpcf7-form-control wpcf7-textarea\" id=\"contact-message\" aria-invalid=\"false\" name=\"your-message\"><\/textarea><\/span>\n\t\t<\/p>\n\t\t<p>Si desea solicitar una cuna, una cama supletoria para ni\u00f1os de 2 a 12 a\u00f1os (20 \u20ac por noche) o una cama supletoria para adultos, ind\u00edquelo en el apartado \"Informaci\u00f3n adicional\".\n\t\t<\/p>\n\t<\/div>\n\t<div class=\"column-12\" style=\"margin-bottom:15px;\">\n\t\t<div id=\"cf7sr-69f18d680046b\" class=\"cf7sr-g-recaptcha\" data-theme=\"light\" data-type=\"image\" data-size=\"normal\" data-sitekey=\"6LexBMYpAAAAABwR5p4mXKvIO12_dCCg8Fxd44Cs\"><\/div><span class=\"wpcf7-form-control-wrap cf7sr-recaptcha\" data-name=\"cf7sr-recaptcha\"><input type=\"hidden\" name=\"cf7sr-recaptcha\" value=\"\" class=\"wpcf7-form-control\"><\/span>\n\t\t<\/p>\n\t<\/div>\n\t<div class=\"column-12\">\n\t\t<p><input class=\"wpcf7-form-control wpcf7-submit has-spinner\" id=\"reserva-btn\" type=\"submit\" value=\"RESERVAR\" \/>\n\t\t<\/p>\n\t<\/div>\n<\/div><div class=\"wpcf7-response-output\" aria-hidden=\"true\"><\/div>\n<input type=\"hidden\" name=\"trp-form-language\" value=\"es\"\/><\/form>\n<\/div>\n<div style=\"background-color:;height: 30px\" class=\"nicdark_section\"><\/div><\/div><\/div><\/div><\/div><div data-vc-full-width=\"true\" data-vc-full-width-init=\"false\" data-vc-stretch-content=\"true\" class=\"vc_row wpb_row vc_row-fluid mobile\"><div class=\"wpb_column vc_column_container vc_col-sm-4\"><div class=\"vc_column-inner\"><div class=\"wpb_wrapper\"><div style=\"background-color:;height: 30px\" class=\"nicdark_section\"><\/div>\n\t<div class=\"wpb_text_column wpb_content_element\" >\n\t\t<div class=\"wpb_wrapper\">\n\t\t\t\n\n            <div class=\"nd_booking_section\">\n\n                <div class=\"nd_booking_float_left nd_booking_width_100_percentage nd_booking_box_sizing_border_box\">\n                    <p>Please select a room to make a reservation<\/p>\n                    <div class=\"nd_booking_section nd_booking_height_20\"><\/div>\n                    <a href=\"https:\/\/casacachada.pt\/es\/quartos\/\" class=\"nd_booking_bg_yellow nd_booking_padding_15_30_important nd_options_second_font_important nd_booking_border_radius_0_important nd_options_color_white nd_booking_cursor_pointer nd_booking_display_inline_block nd_booking_font_size_11 nd_booking_font_weight_bold nd_booking_letter_spacing_2\">RETURN TO SEARCH PAGE<\/a>\n                <\/div>\n\n            <\/div>\n\n        \n\n\t\t<\/div>\n\t<\/div>\n<\/div><\/div><\/div><div class=\"wpb_column vc_column_container vc_col-sm-8\"><div class=\"vc_column-inner\"><div class=\"wpb_wrapper\"><div style=\"background-color:;height: 30px\" class=\"nicdark_section\"><\/div>\n<div class=\"wpcf7 no-js\" id=\"wpcf7-f1302-o2\" lang=\"en-US\" dir=\"ltr\">\n<div class=\"screen-reader-response\"><p role=\"status\" aria-live=\"polite\" aria-atomic=\"true\"><\/p> <ul><\/ul><\/div>\n<form action=\"\/es\/wp-json\/wp\/v2\/pages\/30#wpcf7-f1302-o2\" method=\"post\" class=\"wpcf7-form init\" aria-label=\"Contact form\" novalidate=\"novalidate\" data-status=\"init\" data-trp-original-action=\"\/es\/wp-json\/wp\/v2\/pages\/30#wpcf7-f1302-o2\">\n<div style=\"display: none;\">\n<input type=\"hidden\" name=\"_wpcf7\" value=\"1302\" \/>\n<input type=\"hidden\" name=\"_wpcf7_version\" value=\"5.9.3\" \/>\n<input type=\"hidden\" name=\"_wpcf7_locale\" value=\"en_US\" \/>\n<input type=\"hidden\" name=\"_wpcf7_unit_tag\" value=\"wpcf7-f1302-o2\" \/>\n<input type=\"hidden\" name=\"_wpcf7_container_post\" value=\"0\" \/>\n<input type=\"hidden\" name=\"_wpcf7_posted_data_hash\" value=\"\" \/>\n<\/div>\n<h2 style=\"padding-top: 20px;\">A\u00f1ade tu informaci\u00f3n:\n<\/h2>\n<div class=\"row\">\n\t<div class=\"column\">\n\t\t<p style=\"padding-top: 20px;\">Nombre :<br \/>\n<span class=\"wpcf7-form-control-wrap\" data-name=\"your-name\"><input size=\"40\" class=\"wpcf7-form-control wpcf7-text wpcf7-validates-as-required\" aria-required=\"true\" aria-invalid=\"false\" value=\"\" type=\"text\" name=\"your-name\" \/><\/span>\n\t\t<\/p>\n\t\t<p style=\"padding-top: 20px;\">Correo electr\u00f3nico :<br \/>\n<span class=\"wpcf7-form-control-wrap\" data-name=\"your-email\"><input size=\"40\" class=\"wpcf7-form-control wpcf7-email wpcf7-validates-as-required wpcf7-text wpcf7-validates-as-email\" aria-required=\"true\" aria-invalid=\"false\" value=\"\" type=\"email\" name=\"your-email\" \/><\/span>\n\t\t<\/p>\n\t\t<p style=\"padding-top: 20px;\">Datos de entrada<br \/>\n<span class=\"wpcf7-form-control-wrap\" data-name=\"checkin\"><input class=\"wpcf7-form-control wpcf7-date wpcf7-validates-as-required wpcf7-validates-as-date\" aria-required=\"true\" aria-invalid=\"false\" value=\"\" type=\"date\" name=\"checkin\" \/><\/span>\n\t\t<\/p>\n\t\t<p style=\"padding-top: 20px;\">N\u00ba de adultos <span class=\"wpcf7-form-control-wrap\" data-name=\"number-1\"><input class=\"wpcf7-form-control wpcf7-number wpcf7-validates-as-required wpcf7-validates-as-number\" min=\"1\" max=\"9\" aria-required=\"true\" aria-invalid=\"false\" value=\"1\" type=\"number\" name=\"number-1\" \/><\/span>\n\t\t<\/p>\n\t\t<p style=\"padding-top: 20px;\">Casa o habitaciones<br \/>\n<span class=\"wpcf7-form-control-wrap\" data-name=\"checkbox-casa\"><span class=\"wpcf7-form-control wpcf7-checkbox wpcf7-validates-as-required\"><span class=\"wpcf7-list-item first\"><label><input type=\"checkbox\" name=\"checkbox-casa[]\" value=\"Casa\" \/><span class=\"wpcf7-list-item-label\">Casa<\/span><\/label><\/span><span class=\"wpcf7-list-item\"><label><input type=\"checkbox\" name=\"checkbox-casa[]\" value=\"Quarto da Fam\u00edlia\" \/><span class=\"wpcf7-list-item-label\">Quarto da Fam\u00edlia<\/span><\/label><\/span><span class=\"wpcf7-list-item\"><label><input type=\"checkbox\" name=\"checkbox-casa[]\" value=\"Quarto dos Netos\" \/><span class=\"wpcf7-list-item-label\">Quarto dos Netos<\/span><\/label><\/span><span class=\"wpcf7-list-item\"><label><input type=\"checkbox\" name=\"checkbox-casa[]\" value=\"Quarto do Av\u00f4\" \/><span class=\"wpcf7-list-item-label\">Quarto do Av\u00f4<\/span><\/label><\/span><span class=\"wpcf7-list-item\"><label><input type=\"checkbox\" name=\"checkbox-casa[]\" value=\"Quarto dos Pais\" \/><span class=\"wpcf7-list-item-label\">Quarto dos Pais<\/span><\/label><\/span><span class=\"wpcf7-list-item last\"><label><input type=\"checkbox\" name=\"checkbox-casa[]\" value=\"Quarto da M\u00e3e\" \/><span class=\"wpcf7-list-item-label\">Quarto da M\u00e3e<\/span><\/label><\/span><\/span><\/span>\n\t\t<\/p>\n\t<\/div>\n\t<div class=\"column\">\n\t\t<p style=\"padding-top: 20px;\">Contacto*<br \/>\n<span class=\"wpcf7-form-control-wrap\" data-name=\"Contato\"><input size=\"40\" class=\"wpcf7-form-control wpcf7-tel wpcf7-validates-as-required wpcf7-text wpcf7-validates-as-tel\" aria-required=\"true\" aria-invalid=\"false\" value=\"\" type=\"tel\" name=\"Contato\" \/><\/span>\n\t\t<\/p>\n\t\t<p style=\"padding-top: 20px;\">N\u00ba de noches<br \/>\n<span class=\"wpcf7-form-control-wrap\" data-name=\"number-2\"><input class=\"wpcf7-form-control wpcf7-number wpcf7-validates-as-required wpcf7-validates-as-number\" min=\"2\" aria-required=\"true\" aria-invalid=\"false\" value=\"2\" type=\"number\" name=\"number-2\" \/><\/span>\n\t\t<\/p>\n\t\t<p style=\"padding-top: 20px;\">Datos de salida<br \/>\n<span class=\"wpcf7-form-control-wrap\" data-name=\"checkout\"><input class=\"wpcf7-form-control wpcf7-date wpcf7-validates-as-required wpcf7-validates-as-date\" aria-required=\"true\" aria-invalid=\"false\" placeholder=\"\" value=\"\" type=\"date\" name=\"checkout\" \/><\/span>\n\t\t<\/p>\n\t\t<p style=\"padding-top: 20px;\">N\u00famero de ni\u00f1os <span class=\"wpcf7-form-control-wrap\" data-name=\"number-0\"><input class=\"wpcf7-form-control wpcf7-number wpcf7-validates-as-required wpcf7-validates-as-number\" min=\"0\" max=\"7\" aria-required=\"true\" aria-invalid=\"false\" value=\"0\" type=\"number\" name=\"number-0\" \/><\/span>\n\t\t<\/p>\n\t\t<p style=\"padding-top: 20px;\">Informaci\u00f3n adicional<br \/>\n<span class=\"wpcf7-form-control-wrap\" data-name=\"your-message\"><textarea cols=\"40\" rows=\"3\" class=\"wpcf7-form-control wpcf7-textarea\" aria-invalid=\"false\" name=\"your-message\"><\/textarea><\/span>\n\t\t<\/p>\n\t\t<p>Si desea solicitar una cuna, una cama supletoria para ni\u00f1os de 2 a 12 a\u00f1os (20 \u20ac por noche) o una cama supletoria para adultos, ind\u00edquelo en el apartado \"Informaci\u00f3n adicional\".\n\t\t<\/p>\n\t<\/div>\n\t<div class=\"column-12\" style=\"margin-bottom:15px;\">\n\t\t<div id=\"cf7sr-69f18d680da34\" class=\"cf7sr-g-recaptcha\" data-theme=\"light\" data-type=\"image\" data-size=\"normal\" data-sitekey=\"6LexBMYpAAAAABwR5p4mXKvIO12_dCCg8Fxd44Cs\"><\/div><span class=\"wpcf7-form-control-wrap cf7sr-recaptcha\" data-name=\"cf7sr-recaptcha\"><input type=\"hidden\" name=\"cf7sr-recaptcha\" value=\"\" class=\"wpcf7-form-control\"><\/span>\n\t\t<\/p>\n\t<\/div>\n\t<div class=\"column-12\">\n\t\t<p><input class=\"wpcf7-form-control wpcf7-submit has-spinner\" type=\"submit\" value=\"RESERVAR\" \/>\n\t\t<\/p>\n\t<\/div>\n<\/div><div class=\"wpcf7-response-output\" aria-hidden=\"true\"><\/div>\n<input type=\"hidden\" name=\"trp-form-language\" value=\"es\"\/><\/form>\n<\/div>\n<div style=\"background-color:;height: 30px\" class=\"nicdark_section\"><\/div><\/div><\/div><\/div><\/div><div class=\"vc_row-full-width vc_clearfix\"><\/div>","protected":false},"excerpt":{"rendered":"Please select a room to make a reservation RETURN TO SEARCH PAGE Adicione as suas informa\u00e7\u00f5es: Nome* E-mail* Data de Check-in N\u00ba de Adultos Casa ou Quartos CasaQuarto da Fam\u00edliaQuarto dos NetosQuarto do Av\u00f4Quarto dos PaisQuarto da M\u00e3e Contacto* N\u00ba de Noites Data de Check-out N\u00ba de Crian\u00e7as Outras Informa\u00e7\u00f5es Se quiser solicitar ber\u00e7o, cama [...]","protected":false},"author":1,"featured_media":0,"parent":0,"menu_order":0,"comment_status":"closed","ping_status":"closed","template":"","meta":{"footnotes":""},"_links":{"self":[{"href":"https:\/\/casacachada.pt\/es\/wp-json\/wp\/v2\/pages\/30"}],"collection":[{"href":"https:\/\/casacachada.pt\/es\/wp-json\/wp\/v2\/pages"}],"about":[{"href":"https:\/\/casacachada.pt\/es\/wp-json\/wp\/v2\/types\/page"}],"author":[{"embeddable":true,"href":"https:\/\/casacachada.pt\/es\/wp-json\/wp\/v2\/users\/1"}],"replies":[{"embeddable":true,"href":"https:\/\/casacachada.pt\/es\/wp-json\/wp\/v2\/comments?post=30"}],"version-history":[{"count":36,"href":"https:\/\/casacachada.pt\/es\/wp-json\/wp\/v2\/pages\/30\/revisions"}],"predecessor-version":[{"id":3949,"href":"https:\/\/casacachada.pt\/es\/wp-json\/wp\/v2\/pages\/30\/revisions\/3949"}],"wp:attachment":[{"href":"https:\/\/casacachada.pt\/es\/wp-json\/wp\/v2\/media?parent=30"}],"curies":[{"name":"wp","href":"https:\/\/api.w.org\/{rel}","templated":true}]}}