{"id":3,"date":"2022-02-27T15:55:09","date_gmt":"2022-02-27T15:55:09","guid":{"rendered":"https:\/\/casacachada.pt\/?page_id=3"},"modified":"2022-10-21T14:48:48","modified_gmt":"2022-10-21T13:48:48","slug":"politica-privacidade","status":"publish","type":"page","link":"https:\/\/casacachada.pt\/es\/politica-privacidade\/","title":{"rendered":"Pol\u00edtica de privacidad"},"content":{"rendered":"<div class=\"vc_row wpb_row vc_row-fluid vc_custom_1558363216074\"><div class=\"wpb_animate_when_almost_visible wpb_fadeIn fadeIn wpb_column vc_column_container vc_col-sm-12\"><div class=\"vc_column-inner\"><div class=\"wpb_wrapper\"><div class=\"vc_row wpb_row vc_inner vc_row-fluid\"><div class=\"wpb_column vc_column_container vc_col-sm-6\"><div class=\"vc_column-inner\"><div class=\"wpb_wrapper\">\n\t<div class=\"wpb_text_column wpb_content_element\" >\n\t\t<div class=\"wpb_wrapper\">\n\t\t\t<p>\u00bfQU\u00c9 DATOS PERSONALES RECOGEMOS?<\/p>\n<table>\n<tbody>\n<tr>\n<th>CATEGOR\u00cdAS DE DATOS<\/th>\n<th>EJEMPLOS<\/th>\n<\/tr>\n<tr>\n<td>Identifica\u00e7\u00e3o<\/td>\n<td>Nombre, NIF, Direcci\u00f3n, Fecha de Nacimiento, Estado Civil<\/td>\n<\/tr>\n<tr>\n<td>Contacto<\/td>\n<td>Tel\u00e9fono y correo electr\u00f3nico<\/td>\n<\/tr>\n<tr>\n<td>Perfil y aficiones<\/td>\n<td>Servicios y productos adquiridos, frecuencia de las visitas, fechas de las visitas, historial t\u00e9cnico, etc.<\/td>\n<\/tr>\n<\/tbody>\n<\/table>\n<p>&nbsp;<\/p>\n<p>&nbsp;<\/p>\n<p>\u00bfQUI\u00c9N ES RESPONSABLE DEL TRATAMIENTO DE SUS DATOS PERSONALES?<\/p>\n<p>PORQUE \u00c9 QUE RECOLHEMOS ESTES DADOS?<\/p>\n<p>- Consentimiento<br \/>\nCuando tengamos su consentimiento previo y expreso por escrito en papel o en l\u00ednea.<\/p>\n<p>- Durante la vigencia de un contrato de prestaci\u00f3n de servicios<br \/>\nCuando el tratamiento de datos personales sea necesario para la celebraci\u00f3n, ejecuci\u00f3n y gesti\u00f3n del contrato de prestaci\u00f3n de servicios.<\/p>\n<p>- Cumplimiento de las obligaciones legales<br \/>\nCuando el tratamiento de los datos personales sea necesario para el cumplimiento de una obligaci\u00f3n legal a la que Casa Cachada est\u00e9 sujeta directa o indirectamente (en virtud del contrato de servicios con el cliente).<\/p>\n<p>\u00bfCON QUI\u00c9N COMPARTIMOS SUS DATOS PERSONALES?<\/p>\n<p>- Organismos p\u00fablicos (Hacienda, Tribunales, etc.)<br \/>\nEntidades a quem os dados tenham de ser comunicados por for\u00e7a da lei.<\/p>\n<p>- Subcontratistas<br \/>\nSus datos podr\u00e1n ser transmitidos a subcontratistas para que los traten en nuestro nombre.<br \/>\nEn este caso, adoptaremos las medidas contractuales necesarias para garantizar que los subcontratistas respeten y protejan los datos personales del interesado.<\/p>\n<p>\u00bfQU\u00c9 HACEMOS CON LOS DATOS PERSONALES?<\/p>\n<p>Los datos personales pueden utilizarse para servicios de facturaci\u00f3n; difusi\u00f3n de campa\u00f1as de marketing; elaboraci\u00f3n de perfiles de consumidores, optimizaci\u00f3n de la experiencia del cliente; adaptaci\u00f3n y desarrollo de nuevos productos o servicios.<\/p>\n<p>\u00bfDURANTE CU\u00c1NTO TIEMPO CONSERVAMOS LOS DATOS PERSONALES?<\/p>\n<p>- Datos obligatorios para el cumplimiento de obligaciones legales<br \/>\nSe conservar\u00e1n durante el plazo legal exigido (por ejemplo, Administraci\u00f3n Tributaria ? 12 a\u00f1os).<\/p>\n<p>- Informaci\u00f3n adicional<br \/>\nS\u00f3lo se conservar\u00e1n durante el periodo de tiempo necesario para el cumplimiento de la finalidad definida o, en su caso, hasta que usted ejerza su derecho de oposici\u00f3n, de olvido o de revocaci\u00f3n del consentimiento.<\/p>\n<p>\u00bfC\u00d3MO PUEDE ACCEDER A LOS DATOS PERSONALES QUE TENEMOS?<\/p>\n<p>Puede solicitar el acceso a sus datos personales en cualquier momento escribiendo a <a href=\"mailto:geral@casacachada.pt\">geral@casacachada.pt\u00a0<\/a>y le responderemos en un plazo de 30 d\u00edas. Tambi\u00e9n puede consultar nuestra pol\u00edtica de privacidad en l\u00ednea en cualquier momento en <a href=\"https:\/\/www.marialourenco.com\/privacidade\">https:\/\/casacachada.pt\/es\/politica-privacidade\/<\/a>. Estamos comprometidos con la transparencia total y no ocultaremos informaci\u00f3n en letra peque\u00f1a.<\/p>\n\n\t\t<\/div>\n\t<\/div>\n<\/div><\/div><\/div><div class=\"wpb_column vc_column_container vc_col-sm-6\"><div class=\"vc_column-inner\"><div class=\"wpb_wrapper\">\n\t<div class=\"wpb_text_column wpb_content_element\" >\n\t\t<div class=\"wpb_wrapper\">\n\t\t\t<p>\u00bfCU\u00c1LES SON SUS DERECHOS Y C\u00d3MO PUEDE EJERCERLOS?<\/p>\n<p>- Derecho de acceso<br \/>\nDerecho a obtener confirmaci\u00f3n sobre cu\u00e1les de sus datos personales est\u00e1n siendo procesados e informaci\u00f3n sobre los mismos, como los fines para los que est\u00e1n siendo procesados, sus periodos de conservaci\u00f3n, entre otros.<\/p>\n<p>- Derecho de rectificaci\u00f3n<br \/>\nDerecho a solicitar que se rectifiquen sus datos personales inexactos o a solicitar que se completen los datos personales incompletos.<\/p>\n<p>- Derecho a la supresi\u00f3n o al olvido<br \/>\nDerecho a obtener la supresi\u00f3n de sus datos personales, siempre que no existan motivos legales v\u00e1lidos y notorios para conservarlos (por ejemplo, obligaciones legales impuestas por la Administraci\u00f3n Tributaria o los Tribunales).<\/p>\n<p>- Derecho a la portabilidad<br \/>\nDerecho a recibir los datos que ha facilitado en un formato digital de uso com\u00fan o a solicitar la transmisi\u00f3n directa de sus datos a otra entidad.<\/p>\n<p>- Derecho de oposici\u00f3n<br \/>\nDerecho a oponerse o retirar en cualquier momento su consentimiento a un tratamiento de datos, siempre que no existan motivos legales v\u00e1lidos y notorios para su conservaci\u00f3n (por ejemplo, obligaciones legales impuestas por la Autoridad Tributaria o los Tribunales).<\/p>\n<p>- Derecho de limitaci\u00f3n<br \/>\nDerecho a solicitar la limitaci\u00f3n del tratamiento de sus datos personales, en forma de suspensi\u00f3n del tratamiento o de limitaci\u00f3n del alcance del tratamiento a determinadas categor\u00edas de datos o finalidades del tratamiento, siempre que no existan motivos legales v\u00e1lidos y notorios para su conservaci\u00f3n (por ejemplo, obligaciones legales impuestas por la Administraci\u00f3n Tributaria o los Tribunales).<\/p>\n<p>- Derecho a no ser objeto de decisiones automatizadas<br \/>\nDerecho a no ser objeto de decisiones tomadas exclusivamente sobre la base de un tratamiento de datos efectuado por un programa inform\u00e1tico destinado a evaluar determinadas caracter\u00edsticas del interesado, en la medida en que no existan motivos legales v\u00e1lidos y especialmente justificados para su conservaci\u00f3n (por ejemplo, obligaciones legales impuestas por la Administraci\u00f3n Tributaria o los Tribunales).<\/p>\n<p>- Derecho de reclamaci\u00f3n<br \/>\nDerecho a presentar una reclamaci\u00f3n ante la Casa Cachada y\/o la autoridad de control (CNPD), a trav\u00e9s de los siguientes contactos:<br \/>\nDirecci\u00f3n: Rua de S\u00e3o Bento n.\u00ba 148-3\u00ba 1200-821 Lisboa<br \/>\nTel: +351 213928400 - Fax: +351 213976832 Correo electr\u00f3nico: geral@cnpd.pt<\/p>\n<p>- Derecho de notificaci\u00f3n<br \/>\nDerecho a que el responsable del tratamiento de datos personales le notifique las situaciones en que se haya producido una rectificaci\u00f3n o supresi\u00f3n de datos o una violaci\u00f3n de datos personales que entra\u00f1e un alto riesgo para los derechos y libertades personales, a menos que resulte imposible o suponga un esfuerzo desproporcionado.<\/p>\n<p>Puede solicitar el ejercicio de sus derechos en cualquier momento escribiendo a <a href=\"mailto:geral@casacachada.pt\" target=\"_blank\" rel=\"noopener\">geral@casacachada.pt<\/a>.<br \/>\nSiempre responderemos en un plazo m\u00e1ximo de 30 d\u00edas.<\/p>\n\n\t\t<\/div>\n\t<\/div>\n<\/div><\/div><\/div><\/div><\/div><\/div><\/div><\/div>","protected":false},"excerpt":{"rendered":"QUE DADOS PESSOAIS RECOLHEMOS? CATEGORIAS DE DADOS EXEMPLOS Identifica\u00e7\u00e3o Nome, NIF, Morada, Data de Nascimento, Estado Civil Contacto Telefone e E-mail Perfil e Interesses Servi\u00e7os e produtos adquiridos, frequ\u00eancia de visita, datas das visitas, hist\u00f3rico t\u00e9cnico, etc &nbsp; &nbsp; QUEM \u00c9 O RESPONS\u00c1VEL PELO TRATAMENTO DOS SEUS DADOS PESSOAIS? PORQUE \u00c9 QUE RECOLHEMOS ESTES DADOS? [...]","protected":false},"author":1,"featured_media":0,"parent":0,"menu_order":0,"comment_status":"closed","ping_status":"open","template":"","meta":{"footnotes":""},"_links":{"self":[{"href":"https:\/\/casacachada.pt\/es\/wp-json\/wp\/v2\/pages\/3"}],"collection":[{"href":"https:\/\/casacachada.pt\/es\/wp-json\/wp\/v2\/pages"}],"about":[{"href":"https:\/\/casacachada.pt\/es\/wp-json\/wp\/v2\/types\/page"}],"author":[{"embeddable":true,"href":"https:\/\/casacachada.pt\/es\/wp-json\/wp\/v2\/users\/1"}],"replies":[{"embeddable":true,"href":"https:\/\/casacachada.pt\/es\/wp-json\/wp\/v2\/comments?post=3"}],"version-history":[{"count":3,"href":"https:\/\/casacachada.pt\/es\/wp-json\/wp\/v2\/pages\/3\/revisions"}],"predecessor-version":[{"id":3336,"href":"https:\/\/casacachada.pt\/es\/wp-json\/wp\/v2\/pages\/3\/revisions\/3336"}],"wp:attachment":[{"href":"https:\/\/casacachada.pt\/es\/wp-json\/wp\/v2\/media?parent=3"}],"curies":[{"name":"wp","href":"https:\/\/api.w.org\/{rel}","templated":true}]}}