{"id":2885,"date":"2022-10-11T18:51:05","date_gmt":"2022-10-11T17:51:05","guid":{"rendered":"https:\/\/casacachada.pt\/noticias\/"},"modified":"2022-10-13T15:56:53","modified_gmt":"2022-10-13T14:56:53","slug":"noticias","status":"publish","type":"page","link":"https:\/\/casacachada.pt\/es\/noticias\/","title":{"rendered":"Noticias"},"content":{"rendered":"<div class=\"vc_row wpb_row vc_row-fluid\"><div class=\"wpb_column vc_column_container vc_col-sm-12\"><div class=\"vc_column-inner\"><div class=\"wpb_wrapper\">\n<div class=\"vc_grid-container-wrapper vc_clearfix vc_grid-animation-fadeIn\">\n\t<div class=\"vc_grid-container vc_clearfix wpb_content_element vc_basic_grid\" data-initial-loading-animation=\"fadeIn\" data-vc-grid-settings=\"{&quot;page_id&quot;:2885,&quot;style&quot;:&quot;all&quot;,&quot;action&quot;:&quot;vc_get_vc_grid_data&quot;,&quot;shortcode_id&quot;:&quot;1665672998700-df78f8da-0a97-0&quot;,&quot;tag&quot;:&quot;vc_basic_grid&quot;}\" data-vc-request=\"https:\/\/casacachada.pt\/wp-admin\/admin-ajax.php\" data-vc-post-id=\"2885\" data-vc-public-nonce=\"61eb1ce809\">\n\t\t<style data-type=\"vc_shortcodes-custom-css\">.vc_custom_1419240516480{background-color: #f9f9f9 !important;}<\/style><div class=\"vc_grid vc_row vc_grid-gutter-30px vc_pageable-wrapper vc_hook_hover\" data-vc-pageable-content=\"true\"><div class=\"vc_pageable-slide-wrapper vc_clearfix\" data-vc-grid-content=\"true\"><div class=\"vc_grid-item vc_clearfix vc_col-sm-4 vc_grid-item-zone-c-bottom\"><div class=\"vc_grid-item-mini vc_clearfix\"><div class=\"vc_gitem-animated-block\" ><div class=\"vc_gitem-zone vc_gitem-zone-a vc-gitem-zone-height-mode-auto vc-gitem-zone-height-mode-auto-1-1 vc_gitem-is-link\" style=\"background-image: url('https:\/\/casacachada.pt\/wp-content\/uploads\/2022\/12\/capa-video.jpg') !important;\"><a href=\"https:\/\/casacachada.pt\/es\/informe-elaborado-por-porto-canal\/\" title=\"Reportado por Porto Canal\" class=\"vc_gitem-link vc-zone-link\"><\/a><img decoding=\"async\" src=\"https:\/\/casacachada.pt\/wp-content\/uploads\/2022\/12\/capa-video.jpg\" class=\"vc_gitem-zone-img\" alt=\"\"><div class=\"vc_gitem-zone-mini\"><\/div><\/div><\/div><div class=\"vc_gitem-zone vc_gitem-zone-c vc_custom_1419240516480\"><div class=\"vc_gitem-zone-mini\"><div class=\"vc_gitem_row vc_row vc_gitem-row-position-top\"><div class=\"vc_col-sm-12 vc_gitem-col vc_gitem-col-align-\"><div class=\"vc_custom_heading vc_gitem-post-data vc_gitem-post-data-source-post_title\" ><h4 style=\"text-align: left\" >Reportado por Porto Canal<\/h4><\/div><div class=\"vc_custom_heading vc_gitem-post-data vc_gitem-post-data-source-post_excerpt\" ><p style=\"text-align: left\" ><\/p><\/div><div class=\"vc_btn3-container vc_btn3-left\"><a class=\"vc_general vc_btn3 vc_btn3-size-md vc_btn3-shape-rounded vc_btn3-style-flat vc_btn3-color-juicy-pink\" a href=\"https:\/\/casacachada.pt\/es\/informe-elaborado-por-porto-canal\/\" title=\"Leer m\u00e1s\">Leer m\u00e1s<\/a><\/div><\/div><\/div><\/div><\/div><\/div><div class=\"vc_clearfix\"><\/div><\/div><div class=\"vc_grid-item vc_clearfix vc_col-sm-4 vc_grid-item-zone-c-bottom\"><div class=\"vc_grid-item-mini vc_clearfix\"><div class=\"vc_gitem-animated-block\" ><div class=\"vc_gitem-zone vc_gitem-zone-a vc-gitem-zone-height-mode-auto vc-gitem-zone-height-mode-auto-1-1 vc_gitem-is-link\" style=\"background-image: url('https:\/\/casacachada.pt\/wp-content\/uploads\/2022\/10\/time-out-porto-679x1024.jpg') !important;\"><a href=\"https:\/\/casacachada.pt\/es\/casa-cachada-turismo-rural\/\" title=\"Turismo Rural Casa Cachada\" class=\"vc_gitem-link vc-zone-link\"><\/a><img decoding=\"async\" src=\"https:\/\/casacachada.pt\/wp-content\/uploads\/2022\/10\/time-out-porto-679x1024.jpg\" class=\"vc_gitem-zone-img\" alt=\"\"><div class=\"vc_gitem-zone-mini\"><\/div><\/div><\/div><div class=\"vc_gitem-zone vc_gitem-zone-c vc_custom_1419240516480\"><div class=\"vc_gitem-zone-mini\"><div class=\"vc_gitem_row vc_row vc_gitem-row-position-top\"><div class=\"vc_col-sm-12 vc_gitem-col vc_gitem-col-align-\"><div class=\"vc_custom_heading vc_gitem-post-data vc_gitem-post-data-source-post_title\" ><h4 style=\"text-align: left\" >Turismo Rural Casa Cachada<\/h4><\/div><div class=\"vc_custom_heading vc_gitem-post-data vc_gitem-post-data-source-post_excerpt\" ><p style=\"text-align: left\" ><p>Esta es una casa con historia. Durante d\u00e9cadas, varias familias han encontrado aqu\u00ed su hogar. El nombre permanece, pero Casa Cachada ha sido...<\/p>\n<\/p><\/div><div class=\"vc_btn3-container vc_btn3-left\"><a class=\"vc_general vc_btn3 vc_btn3-size-md vc_btn3-shape-rounded vc_btn3-style-flat vc_btn3-color-juicy-pink\" a href=\"https:\/\/casacachada.pt\/es\/casa-cachada-turismo-rural\/\" title=\"Leer m\u00e1s\">Leer m\u00e1s<\/a><\/div><\/div><\/div><\/div><\/div><\/div><div class=\"vc_clearfix\"><\/div><\/div><div class=\"vc_grid-item vc_clearfix vc_col-sm-4 vc_grid-item-zone-c-bottom\"><div class=\"vc_grid-item-mini vc_clearfix\"><div class=\"vc_gitem-animated-block\" ><div class=\"vc_gitem-zone vc_gitem-zone-a vc-gitem-zone-height-mode-auto vc-gitem-zone-height-mode-auto-1-1 vc_gitem-is-link\" style=\"background-image: url('https:\/\/casacachada.pt\/wp-content\/uploads\/2022\/10\/correiodominho.pt2_-786x1024.jpg') !important;\"><a href=\"https:\/\/casacachada.pt\/es\/casa-cachada-inova-oferta-de-turismo-rural-de-braga\/\" title=\"&#039;Casa Cachada&#039; innova la oferta de turismo rural en Braga\" class=\"vc_gitem-link vc-zone-link\"><\/a><img decoding=\"async\" src=\"https:\/\/casacachada.pt\/wp-content\/uploads\/2022\/10\/correiodominho.pt2_-786x1024.jpg\" class=\"vc_gitem-zone-img\" alt=\"\"><div class=\"vc_gitem-zone-mini\"><\/div><\/div><\/div><div class=\"vc_gitem-zone vc_gitem-zone-c vc_custom_1419240516480\"><div class=\"vc_gitem-zone-mini\"><div class=\"vc_gitem_row vc_row vc_gitem-row-position-top\"><div class=\"vc_col-sm-12 vc_gitem-col vc_gitem-col-align-\"><div class=\"vc_custom_heading vc_gitem-post-data vc_gitem-post-data-source-post_title\" ><h4 style=\"text-align: left\" >'Casa Cachada' innova la oferta de turismo rural en Braga<\/h4><\/div><div class=\"vc_custom_heading vc_gitem-post-data vc_gitem-post-data-source-post_excerpt\" ><p style=\"text-align: left\" ><p>MANTENIENDO EL DISE\u00d1O Y EL NOMBRE ORIGINALES, la \"Casa Cachada\" reabre en S. Mamede d'Este a finales de a\u00f1o para innovar la oferta de turismo...<\/p>\n<\/p><\/div><div class=\"vc_btn3-container vc_btn3-left\"><a class=\"vc_general vc_btn3 vc_btn3-size-md vc_btn3-shape-rounded vc_btn3-style-flat vc_btn3-color-juicy-pink\" a href=\"https:\/\/casacachada.pt\/es\/casa-cachada-inova-oferta-de-turismo-rural-de-braga\/\" title=\"Leer m\u00e1s\">Leer m\u00e1s<\/a><\/div><\/div><\/div><\/div><\/div><\/div><div class=\"vc_clearfix\"><\/div><\/div><div class=\"vc_grid-item vc_clearfix vc_col-sm-4 vc_grid-item-zone-c-bottom\"><div class=\"vc_grid-item-mini vc_clearfix\"><div class=\"vc_gitem-animated-block\" ><div class=\"vc_gitem-zone vc_gitem-zone-a vc-gitem-zone-height-mode-auto vc-gitem-zone-height-mode-auto-1-1 vc_gitem-is-link\" style=\"background-image: url('https:\/\/casacachada.pt\/wp-content\/uploads\/2017\/07\/correiodominho.pt_-788x1024.jpg') !important;\"><a href=\"https:\/\/casacachada.pt\/es\/carros-classicos-piscina-e-paisagem-sao-atractivos\/\" title=\"Los coches cl\u00e1sicos, la piscina y el paisaje son atractivos\" class=\"vc_gitem-link vc-zone-link\"><\/a><img decoding=\"async\" src=\"https:\/\/casacachada.pt\/wp-content\/uploads\/2017\/07\/correiodominho.pt_-788x1024.jpg\" class=\"vc_gitem-zone-img\" alt=\"\"><div class=\"vc_gitem-zone-mini\"><\/div><\/div><\/div><div class=\"vc_gitem-zone vc_gitem-zone-c vc_custom_1419240516480\"><div class=\"vc_gitem-zone-mini\"><div class=\"vc_gitem_row vc_row vc_gitem-row-position-top\"><div class=\"vc_col-sm-12 vc_gitem-col vc_gitem-col-align-\"><div class=\"vc_custom_heading vc_gitem-post-data vc_gitem-post-data-source-post_title\" ><h4 style=\"text-align: left\" >Los coches cl\u00e1sicos, la piscina y el paisaje son atractivos<\/h4><\/div><div class=\"vc_custom_heading vc_gitem-post-data vc_gitem-post-data-source-post_excerpt\" ><p style=\"text-align: left\" ><p>VARIOS SERVICIOS que la finca de turismo rural pondr\u00e1 a disposici\u00f3n de los clientes muestran su oferta distintiva, basada en la historia y el concepto...<\/p>\n<\/p><\/div><div class=\"vc_btn3-container vc_btn3-left\"><a class=\"vc_general vc_btn3 vc_btn3-size-md vc_btn3-shape-rounded vc_btn3-style-flat vc_btn3-color-juicy-pink\" a href=\"https:\/\/casacachada.pt\/es\/carros-classicos-piscina-e-paisagem-sao-atractivos\/\" title=\"Leer m\u00e1s\">Leer m\u00e1s<\/a><\/div><\/div><\/div><\/div><\/div><\/div><div class=\"vc_clearfix\"><\/div><\/div><\/div><\/div>\n\t<\/div>\n<\/div><\/div><\/div><\/div><\/div>","protected":false},"excerpt":{"rendered":"Reportagem feita pelo Porto CanalLeer m\u00e1sCasa Cachada Turismo RuralEsta \u00e9 uma casa com hist\u00f3ria. Durante d\u00e9cadas, foram v\u00e1rias as fam\u00edlias que aqui encontraram um lar. O nome mant\u00e9m-se, mas a Casa Cachada foi agora&#8230; Leer m\u00e1s\u2018Casa Cachada\u2019 inova oferta de turismo rural de BragaMANTENDO A TRA\u00c7A E NOME ORIGINAIS, a \u2018Casa Cachada\u2019 reabre em S. [...]","protected":false},"author":1,"featured_media":0,"parent":0,"menu_order":0,"comment_status":"closed","ping_status":"closed","template":"","meta":{"footnotes":""},"_links":{"self":[{"href":"https:\/\/casacachada.pt\/es\/wp-json\/wp\/v2\/pages\/2885"}],"collection":[{"href":"https:\/\/casacachada.pt\/es\/wp-json\/wp\/v2\/pages"}],"about":[{"href":"https:\/\/casacachada.pt\/es\/wp-json\/wp\/v2\/types\/page"}],"author":[{"embeddable":true,"href":"https:\/\/casacachada.pt\/es\/wp-json\/wp\/v2\/users\/1"}],"replies":[{"embeddable":true,"href":"https:\/\/casacachada.pt\/es\/wp-json\/wp\/v2\/comments?post=2885"}],"version-history":[{"count":3,"href":"https:\/\/casacachada.pt\/es\/wp-json\/wp\/v2\/pages\/2885\/revisions"}],"predecessor-version":[{"id":3257,"href":"https:\/\/casacachada.pt\/es\/wp-json\/wp\/v2\/pages\/2885\/revisions\/3257"}],"wp:attachment":[{"href":"https:\/\/casacachada.pt\/es\/wp-json\/wp\/v2\/media?parent=2885"}],"curies":[{"name":"wp","href":"https:\/\/api.w.org\/{rel}","templated":true}]}}