{"id":448,"date":"2017-07-19T09:14:34","date_gmt":"2017-07-19T09:14:34","guid":{"rendered":"http:\/\/www.nicdarkthemes.com\/themes\/hotel\/wp\/demo\/?page_id=448"},"modified":"2024-03-18T18:17:13","modified_gmt":"2024-03-18T17:17:13","slug":"servicos","status":"publish","type":"page","link":"https:\/\/casacachada.pt\/en\/servicos\/","title":{"rendered":"Services"},"content":{"rendered":"<div data-vc-full-width=\"true\" data-vc-full-width-init=\"false\" data-vc-parallax=\"1.5\" data-vc-parallax-image=\"https:\/\/casacachada.pt\/wp-content\/uploads\/2022\/03\/20170703_142913-e1680183786175.jpg\" class=\"vc_row wpb_row vc_row-fluid nd_options_vc_parallax_filter_1_3 vc_custom_1646340731263 vc_row-has-fill vc_row-o-content-middle vc_row-flex vc_general vc_parallax vc_parallax-content-moving\"><div class=\"nd_options_text_align_center wpb_column vc_column_container vc_col-sm-6\"><div class=\"vc_column-inner vc_custom_1501150271414\"><div class=\"wpb_wrapper\"><div style=\"background-color:;height: 10px\" class=\"nicdark_section\"><\/div> <h1 style=\"color:#ffffff;padding:px;text-align:center;font-size:50px;line-height:px;letter-spacing: px;font-weight:normal\" class=\"nd_options_font_size_40_important_all_iphone nd_options_first_font\">Outside services<\/h1> <div style=\"background-color:;height: 30px\" class=\"nicdark_section\"><\/div><div style=\"background-color:;height: 30px\" class=\"nicdark_section\"><\/div>\n\t<div class=\"nd_options_section nd_options_text_align_center\">\n\t<a style=\"border: px solid;border-radius:px;letter-spacing:px;line-height:px;font-size:px;background-color:#c19b76;padding:15px 35px;margin:;color:#ffffff\" rel=\"\" href=\"https:\/\/casacachada.pt\/en\/quartos\/\" class=\"nicdark_display_inline_block\">SEE BEDROOMS<\/a>\n\t<\/div>\n<div style=\"background-color:;height: 10px\" class=\"nicdark_section\"><\/div><\/div><\/div><\/div><div class=\"wpb_column vc_column_container vc_col-sm-3\"><div class=\"vc_column-inner\"><div class=\"wpb_wrapper\"><div style=\"background-color:;height: 10px\" class=\"nicdark_section\"><\/div>\n\n    <div class=\"nd_options_section nd_options_bg_white nd_options_border_radius_15 nd_options_services_7_page padheight\">\n                                        \n        <div class=\"nd_options_section nd_options_box_sizing_border_box nd_options_padding_20 nd_options_text_align_center\">\n            \n            <img decoding=\"async\" alt=\"\" width=\"40\" src=\"https:\/\/casacachada.pt\/wp-content\/uploads\/2017\/07\/icon-14-1.png\">\n            <div class=\"nd_options_section nd_options_height_5\"><\/div>\n            <h1 class=\"nd_options_font_size_40\">Pool<\/h1>\n            <div class=\"nd_options_section nd_options_height_10\"><\/div>\n            <h4 class=\"nd_options_color_grey nd_options_font_size_12 nd_options_text_transform_uppercase nd_options_letter_spacing_3 nd_options_second_font nd_options_font_weight_lighter\"><\/h4>\n\n        <\/div>\n\n    <\/div>\n\n  <div style=\"background-color:;height: 20px\" class=\"nicdark_section\"><\/div>\n\n    <div class=\"nd_options_section nd_options_bg_white nd_options_border_radius_15 nd_options_services_7_page padheight\">\n                                        \n        <div class=\"nd_options_section nd_options_box_sizing_border_box nd_options_padding_20 nd_options_text_align_center\">\n            \n            <img decoding=\"async\" alt=\"\" width=\"40\" src=\"https:\/\/casacachada.pt\/wp-content\/uploads\/2017\/07\/icon-11.png\">\n            <div class=\"nd_options_section nd_options_height_5\"><\/div>\n            <h1 class=\"nd_options_font_size_40\">Free Bicycles<\/h1>\n            <div class=\"nd_options_section nd_options_height_10\"><\/div>\n            <h4 class=\"nd_options_color_grey nd_options_font_size_12 nd_options_text_transform_uppercase nd_options_letter_spacing_3 nd_options_second_font nd_options_font_weight_lighter\"><\/h4>\n\n        <\/div>\n\n    <\/div>\n\n  <div style=\"background-color:;height: 10px\" class=\"nicdark_section\"><\/div><\/div><\/div><\/div><div class=\"wpb_column vc_column_container vc_col-sm-3\"><div class=\"vc_column-inner\"><div class=\"wpb_wrapper\"><div style=\"background-color:;height: 10px\" class=\"nicdark_section\"><\/div>\n\n    <div class=\"nd_options_section nd_options_bg_white nd_options_border_radius_15 nd_options_services_7_page padheight\">\n                                        \n        <div class=\"nd_options_section nd_options_box_sizing_border_box nd_options_padding_20 nd_options_text_align_center\">\n            \n            <img decoding=\"async\" alt=\"\" width=\"40\" src=\"https:\/\/casacachada.pt\/wp-content\/uploads\/2022\/03\/jardim.png\">\n            <div class=\"nd_options_section nd_options_height_5\"><\/div>\n            <h1 class=\"nd_options_font_size_40\">Garden<\/h1>\n            <div class=\"nd_options_section nd_options_height_10\"><\/div>\n            <h4 class=\"nd_options_color_grey nd_options_font_size_12 nd_options_text_transform_uppercase nd_options_letter_spacing_3 nd_options_second_font nd_options_font_weight_lighter\"><\/h4>\n\n        <\/div>\n\n    <\/div>\n\n  <div style=\"background-color:;height: 20px\" class=\"nicdark_section\"><\/div>\n\n    <div class=\"nd_options_section nd_options_bg_white nd_options_border_radius_15 nd_options_services_7_page padheight\">\n                                        \n        <div class=\"nd_options_section nd_options_box_sizing_border_box nd_options_padding_20 nd_options_text_align_center\">\n            \n            <img decoding=\"async\" alt=\"\" width=\"40\" src=\"https:\/\/casacachada.pt\/wp-content\/uploads\/2022\/03\/estacionamento.png\">\n            <div class=\"nd_options_section nd_options_height_5\"><\/div>\n            <h1 class=\"nd_options_font_size_40\">Parking<\/h1>\n            <div class=\"nd_options_section nd_options_height_10\"><\/div>\n            <h4 class=\"nd_options_color_grey nd_options_font_size_12 nd_options_text_transform_uppercase nd_options_letter_spacing_3 nd_options_second_font nd_options_font_weight_lighter\"><\/h4>\n\n        <\/div>\n\n    <\/div>\n\n  <div style=\"background-color:;height: 10px\" class=\"nicdark_section\"><\/div><\/div><\/div><\/div><\/div><div class=\"vc_row-full-width vc_clearfix\"><\/div><div data-vc-full-width=\"true\" data-vc-full-width-init=\"false\" class=\"vc_row wpb_row vc_row-fluid vc_custom_1504192255954\"><div class=\"wpb_column vc_column_container vc_col-sm-12\"><div class=\"vc_column-inner\"><div class=\"wpb_wrapper\"><div style=\"background-color:;height: 25px\" class=\"nicdark_section\"><\/div> <h6 style=\"color:#878787;padding:px;text-align:center;font-size:12px;line-height:12px;letter-spacing: 2px;font-weight:lighter\" class=\"nd_options_second_font\">SERVICES<\/h6> <div style=\"background-color:;height: 10px\" class=\"nicdark_section\"><\/div>\n    <div class=\"nd_options_section nd_options_line_height_0  nd_options_text_align_center\">\n        <span style=\"height:1px;width:30px;background-color:#878787\" class=\"nd_options_display_inline_block\"><\/span>\n    <\/div>\n   <div style=\"background-color:;height: 30px\" class=\"nicdark_section\"><\/div> <h1 style=\"color:#1c1c1c;padding:px;text-align:center;font-size:55px;line-height:px;letter-spacing: px;font-weight:normal\" class=\"nd_options_font_size_40_important_all_iphone nd_options_line_height_40_important_all_iphone nd_options_first_font\">Indoor area<\/h1> <div style=\"background-color:;height: 35px\" class=\"nicdark_section\"><\/div><\/div><\/div><\/div><\/div><div class=\"vc_row-full-width vc_clearfix\"><\/div><div class=\"vc_row wpb_row vc_row-fluid vc_custom_1485535152075\"><div class=\"wpb_column vc_column_container vc_col-sm-3\"><div class=\"vc_column-inner\"><div class=\"wpb_wrapper\"><div style=\"background-color:;height: 10px\" class=\"nicdark_section\"><\/div>\n\n    <div class=\"nd_options_section nd_options_position_relative\">\n\n        <img decoding=\"async\" style=\"top:px\" alt=\"\" class=\"nd_options_position_absolute nd_options_left_0\" width=\"50\" src=\"https:\/\/casacachada.pt\/wp-content\/uploads\/2017\/06\/ar-condicionado.png\">\n\n        <div style=\"padding-left:70px\" class=\"nd_options_section nd_options_box_sizing_border_box\">\n            \n            <h3 class=\"nd_options_first_font\" style=\"margin:;color:#1c1c1c;font-size:25px;line-height:25px\">Air conditioning<\/h3> \n             \n            \n\n        <\/div>\n\n    <\/div>\n\n  <div style=\"background-color:;height: 10px\" class=\"nicdark_section\"><\/div><div style=\"background-color:;height: 30px\" class=\"nicdark_section mobile\"><\/div><\/div><\/div><\/div><div class=\"wpb_column vc_column_container vc_col-sm-3\"><div class=\"vc_column-inner\"><div class=\"wpb_wrapper\"><div style=\"background-color:;height: 10px\" class=\"nicdark_section\"><\/div>\n\n    <div class=\"nd_options_section nd_options_position_relative\">\n\n        <img decoding=\"async\" style=\"top:px\" alt=\"\" class=\"nd_options_position_absolute nd_options_left_0\" width=\"50\" src=\"https:\/\/casacachada.pt\/wp-content\/uploads\/2017\/07\/icon-12-1.png\">\n\n        <div style=\"padding-left:70px\" class=\"nd_options_section nd_options_box_sizing_border_box\">\n            \n            <h3 class=\"nd_options_first_font\" style=\"margin:;color:#1c1c1c;font-size:25px;line-height:25px\">Wi-fi<\/h3> \n             \n            \n\n        <\/div>\n\n    <\/div>\n\n  <div style=\"background-color:;height: 10px\" class=\"nicdark_section\"><\/div><div style=\"background-color:;height: 30px\" class=\"nicdark_section mobile\"><\/div><\/div><\/div><\/div><div class=\"wpb_column vc_column_container vc_col-sm-3\"><div class=\"vc_column-inner\"><div class=\"wpb_wrapper\"><div style=\"background-color:;height: 10px\" class=\"nicdark_section\"><\/div>\n\n    <div class=\"nd_options_section nd_options_position_relative\">\n\n        <img decoding=\"async\" style=\"top:px\" alt=\"\" class=\"nd_options_position_absolute nd_options_left_0\" width=\"50\" src=\"https:\/\/casacachada.pt\/wp-content\/uploads\/2017\/07\/icon-18.png\">\n\n        <div style=\"padding-left:70px\" class=\"nd_options_section nd_options_box_sizing_border_box\">\n            \n            <h3 class=\"nd_options_first_font\" style=\"margin:;color:#1c1c1c;font-size:25px;line-height:25px\">Cable TV<\/h3> \n             \n            \n\n        <\/div>\n\n    <\/div>\n\n  <div style=\"background-color:;height: 10px\" class=\"nicdark_section\"><\/div><div style=\"background-color:;height: 30px\" class=\"nicdark_section mobile\"><\/div><\/div><\/div><\/div><div class=\"wpb_column vc_column_container vc_col-sm-3\"><div class=\"vc_column-inner\"><div class=\"wpb_wrapper\"><div style=\"background-color:;height: 10px\" class=\"nicdark_section\"><\/div>\n\n    <div class=\"nd_options_section nd_options_position_relative\">\n\n        <img decoding=\"async\" style=\"top:px\" alt=\"\" class=\"nd_options_position_absolute nd_options_left_0\" width=\"50\" src=\"https:\/\/casacachada.pt\/wp-content\/uploads\/2022\/03\/berco.png\">\n\n        <div style=\"padding-left:70px\" class=\"nd_options_section nd_options_box_sizing_border_box\">\n            \n            <h3 class=\"nd_options_first_font\" style=\"margin:;color:#1c1c1c;font-size:25px;line-height:25px\">Crib<\/h3> \n             \n            \n\n        <\/div>\n\n    <\/div>\n\n  <div style=\"background-color:;height: 10px\" class=\"nicdark_section\"><\/div><div style=\"background-color:;height: 30px\" class=\"nicdark_section mobile\"><\/div><\/div><\/div><\/div><\/div><div class=\"vc_row wpb_row vc_row-fluid desktop vc_custom_1709993741491\"><div class=\"wpb_column vc_column_container vc_col-sm-3\"><div class=\"vc_column-inner\"><div class=\"wpb_wrapper\"><div style=\"background-color:;height: 10px\" class=\"nicdark_section desktop\"><\/div><\/div><\/div><\/div><div class=\"wpb_column vc_column_container vc_col-sm-3\"><div class=\"vc_column-inner\"><div class=\"wpb_wrapper\"><div style=\"background-color:;height: 10px\" class=\"nicdark_section desktop\"><\/div><\/div><\/div><\/div><div class=\"wpb_column vc_column_container vc_col-sm-3\"><div class=\"vc_column-inner\"><div class=\"wpb_wrapper\"><div style=\"background-color:;height: 10px\" class=\"nicdark_section desktop\"><\/div><\/div><\/div><\/div><div class=\"wpb_column vc_column_container vc_col-sm-3\"><div class=\"vc_column-inner\"><div class=\"wpb_wrapper\"><div style=\"background-color:;height: 10px\" class=\"nicdark_section desktop\"><\/div><\/div><\/div><\/div><\/div><div class=\"vc_row wpb_row vc_row-fluid vc_custom_1485535152075\"><div class=\"wpb_column vc_column_container vc_col-sm-3\"><div class=\"vc_column-inner\"><div class=\"wpb_wrapper\"><div style=\"background-color:;height: 10px\" class=\"nicdark_section\"><\/div>\n\n    <div class=\"nd_options_section nd_options_position_relative\">\n\n        <img decoding=\"async\" style=\"top:px\" alt=\"\" class=\"nd_options_position_absolute nd_options_left_0\" width=\"50\" src=\"https:\/\/casacachada.pt\/wp-content\/uploads\/2022\/03\/lareira.png\">\n\n        <div style=\"padding-left:70px\" class=\"nd_options_section nd_options_box_sizing_border_box\">\n            \n            <h3 class=\"nd_options_first_font\" style=\"margin:;color:#1c1c1c;font-size:25px;line-height:25px\">Fireplace<\/h3> \n             \n            \n\n        <\/div>\n\n    <\/div>\n\n  <div style=\"background-color:;height: 10px\" class=\"nicdark_section\"><\/div><div style=\"background-color:;height: 30px\" class=\"nicdark_section mobile\"><\/div><\/div><\/div><\/div><div class=\"wpb_column vc_column_container vc_col-sm-3\"><div class=\"vc_column-inner\"><div class=\"wpb_wrapper\"><div style=\"background-color:;height: 10px\" class=\"nicdark_section\"><\/div>\n\n    <div class=\"nd_options_section nd_options_position_relative\">\n\n        <img decoding=\"async\" style=\"top:px\" alt=\"\" class=\"nd_options_position_absolute nd_options_left_0\" width=\"50\" src=\"https:\/\/casacachada.pt\/wp-content\/uploads\/2022\/03\/sofa.png\">\n\n        <div style=\"padding-left:70px\" class=\"nd_options_section nd_options_box_sizing_border_box\">\n            \n            <h3 class=\"nd_options_first_font\" style=\"margin:;color:#1c1c1c;font-size:25px;line-height:25px\">Living Room<\/h3> \n             \n            \n\n        <\/div>\n\n    <\/div>\n\n  <div style=\"background-color:;height: 10px\" class=\"nicdark_section\"><\/div><div style=\"background-color:;height: 30px\" class=\"nicdark_section mobile\"><\/div><\/div><\/div><\/div><div class=\"wpb_column vc_column_container vc_col-sm-3\"><div class=\"vc_column-inner\"><div class=\"wpb_wrapper\"><div style=\"background-color:;height: 10px\" class=\"nicdark_section\"><\/div>\n\n    <div class=\"nd_options_section nd_options_position_relative\">\n\n        <img decoding=\"async\" style=\"top:px\" alt=\"\" class=\"nd_options_position_absolute nd_options_left_0\" width=\"50\" src=\"https:\/\/casacachada.pt\/wp-content\/uploads\/2017\/06\/maq-roupa.png\">\n\n        <div style=\"padding-left:70px\" class=\"nd_options_section nd_options_box_sizing_border_box\">\n            \n            <h3 class=\"nd_options_first_font\" style=\"margin:;color:#1c1c1c;font-size:25px;line-height:25px\">Washing machine and Trumble dryer<\/h3> \n             \n            \n\n        <\/div>\n\n    <\/div>\n\n  <div style=\"background-color:;height: 10px\" class=\"nicdark_section\"><\/div><div style=\"background-color:;height: 30px\" class=\"nicdark_section mobile\"><\/div><\/div><\/div><\/div><div class=\"wpb_column vc_column_container vc_col-sm-3\"><div class=\"vc_column-inner\"><div class=\"wpb_wrapper\"><div style=\"background-color:;height: 10px\" class=\"nicdark_section\"><\/div>\n\n    <div class=\"nd_options_section nd_options_position_relative\">\n\n        <img decoding=\"async\" style=\"top:px\" alt=\"\" class=\"nd_options_position_absolute nd_options_left_0\" width=\"50\" src=\"https:\/\/casacachada.pt\/wp-content\/uploads\/2017\/06\/cozinha.png\">\n\n        <div style=\"padding-left:70px\" class=\"nd_options_section nd_options_box_sizing_border_box\">\n            \n            <h3 class=\"nd_options_first_font\" style=\"margin:;color:#1c1c1c;font-size:25px;line-height:25px\">Fully equipped kitchen<\/h3> \n             \n            \n\n        <\/div>\n\n    <\/div>\n\n  <div style=\"background-color:;height: 10px\" class=\"nicdark_section\"><\/div><\/div><\/div><\/div><\/div><div data-vc-full-width=\"true\" data-vc-full-width-init=\"false\" data-vc-parallax=\"1.5\" data-vc-parallax-image=\"https:\/\/casacachada.pt\/wp-content\/uploads\/2022\/02\/casa-cachada-slide1-1.jpg\" class=\"vc_row wpb_row vc_row-fluid nd_options_vc_parallax_filter_2_2 vc_custom_1646339449550 vc_row-has-fill vc_general vc_parallax vc_parallax-content-moving\"><div class=\"wpb_column vc_column_container vc_col-sm-12\"><div class=\"vc_column-inner\"><div class=\"wpb_wrapper\">\n\n\n    <div class=\"nd_options_section nd_options_position_relative desktop\">\n        <img decoding=\"async\" alt=\"\" class=\"nd_options_position_absolute nd_options_left_0\" width=\"55\" src=\"\">\n        <div class=\"nd_options_section nd_options_padding_left_80 nd_options_box_sizing_border_box\">\n            <h1 class=\"nd_options_font_size_40 nd_options_line_height_50\" style=\"color:#ffffff\"><strong>Enjoy a comfortable, relaxing and cozy environment. We have exquisite and modern bedrooms for you.<\/strong><\/h1>\n        <\/div>\n    <\/div>\n\n\n  \n\n\n    <div class=\"nd_options_section nd_options_position_relative mobile centro\">\n        <img decoding=\"async\" alt=\"\" class=\"nd_options_position_absolute nd_options_left_0\" width=\"55\" src=\"\">\n        <div class=\"nd_options_section nd_options_padding_left_80 nd_options_box_sizing_border_box\">\n            <h1 class=\"nd_options_font_size_40 nd_options_line_height_50\" style=\"color:#ffffff\"><strong>Enjoy a comfortable, relaxing and cozy environment. We have exquisite and modern bedrooms for you.<\/strong><\/h1>\n        <\/div>\n    <\/div>\n\n\n  <div style=\"background-color:;height: 70px\" class=\"nicdark_section\"><\/div><div class=\"vc_row wpb_row vc_inner vc_row-fluid\"><div class=\"wpb_column vc_column_container vc_col-sm-2\"><div class=\"vc_column-inner vc_custom_1469630269458\"><div class=\"wpb_wrapper\"><h1 style=\"text-align:center;color:#ffffff;font-size:50px\" class=\"nd_options_counter_component_l1 nd_options_font_weight_bolder nd_options_counter\" data-to=\"2\" data-speed=\"1000\">2<\/h1><div style=\"background-color:;height: 20px\" class=\"nicdark_section\"><\/div> <p style=\"color:#ffffff;padding:px;text-align:center;font-size:15px;line-height:30px;letter-spacing: 2px;font-weight:lighter\" class=\"nd_options_second_font\">SUITES<\/p> <\/div><\/div><\/div><div class=\"wpb_column vc_column_container vc_col-sm-2\"><div class=\"vc_column-inner vc_custom_1469630276028\"><div class=\"wpb_wrapper\"><h1 style=\"text-align:center;color:#ffffff;font-size:50px\" class=\"nd_options_counter_component_l1 nd_options_font_weight_bolder nd_options_counter\" data-to=\"2\" data-speed=\"1000\">2<\/h1><div style=\"background-color:;height: 20px\" class=\"nicdark_section\"><\/div> <p style=\"color:#ffffff;padding:px;text-align:center;font-size:15px;line-height:30px;letter-spacing: 2px;font-weight:lighter\" class=\"nd_options_second_font\">DOUBLE ROOMS<\/p> <\/div><\/div><\/div><div class=\"wpb_column vc_column_container vc_col-sm-2\"><div class=\"vc_column-inner vc_custom_1469630283566\"><div class=\"wpb_wrapper\"><h1 style=\"text-align:center;color:#ffffff;font-size:50px\" class=\"nd_options_counter_component_l1 nd_options_font_weight_bolder nd_options_counter\" data-to=\"1\" data-speed=\"1000\">1<\/h1><div style=\"background-color:;height: 20px\" class=\"nicdark_section\"><\/div> <p style=\"color:#ffffff;padding:px;text-align:center;font-size:15px;line-height:30px;letter-spacing: 2px;font-weight:lighter\" class=\"nd_options_second_font\">SINGLE ROOM<\/p> <\/div><\/div><\/div><div class=\"wpb_column vc_column_container vc_col-sm-2\"><div class=\"vc_column-inner vc_custom_1469630289168\"><div class=\"wpb_wrapper\"><h1 style=\"text-align:center;color:#ffffff;font-size:50px\" class=\"nd_options_counter_component_l1 nd_options_font_weight_bolder nd_options_counter\" data-to=\"9\" data-speed=\"1000\">9<\/h1><div style=\"background-color:;height: 9px\" class=\"nicdark_section\"><\/div> <p style=\"color:#ffffff;padding:px;text-align:center;font-size:15px;line-height:30px;letter-spacing: 2px;font-weight:lighter\" class=\"nd_options_second_font\">PERSONS IN THE HOUSE<\/p> <\/div><\/div><\/div><div class=\"wpb_column vc_column_container vc_col-sm-2\"><div class=\"vc_column-inner\"><div class=\"wpb_wrapper\"><h1 style=\"text-align:center;color:#ffffff;font-size:50px\" class=\"nd_options_counter_component_l1 nd_options_font_weight_bolder nd_options_counter\" data-to=\"3\" data-speed=\"1000\">3<\/h1><div style=\"background-color:;height: 20px\" class=\"nicdark_section\"><\/div> <p style=\"color:#ffffff;padding:px;text-align:center;font-size:15px;line-height:30px;letter-spacing: 2px;font-weight:lighter\" class=\"nd_options_second_font\">SINGLE EXTRA BEDS<\/p> <div style=\"background-color:;height: 20px\" class=\"nicdark_section mobile\"><\/div><\/div><\/div><\/div><div class=\"wpb_column vc_column_container vc_col-sm-2\"><div class=\"vc_column-inner\"><div class=\"wpb_wrapper\"><h1 style=\"text-align:center;color:#ffffff;font-size:50px\" class=\"nd_options_counter_component_l1 nd_options_font_weight_bolder nd_options_counter\" data-to=\"12\" data-speed=\"1000\">12<\/h1><div style=\"background-color:;height: 20px\" class=\"nicdark_section\"><\/div> <p style=\"color:#ffffff;padding:px;text-align:center;font-size:15px;line-height:30px;letter-spacing: 2px;font-weight:lighter\" class=\"nd_options_second_font\">SERVICES<\/p> <\/div><\/div><\/div><\/div><\/div><\/div><\/div><\/div><div class=\"vc_row-full-width vc_clearfix\"><\/div>","protected":false},"excerpt":{"rendered":"Servi\u00e7os Exteriores VER QUARTOS Piscina Bicicletas Gratuitas Jardim Zona de Estacionamento SERVI\u00c7OS Interior Ar Condicionado Wi-fi TV Cabo Ber\u00e7o Lareira Sala de Estar M\u00e1quina de Lavar e Secar Roupa Cozinha totalmente Equipada Usufrua de um ambiente acolhedor, relaxante e confort\u00e1vel. Temos \u00e0 sua disposi\u00e7\u00e3o quartos modernos com um toque de requinte. Usufrua de um ambiente [...]","protected":false},"author":1,"featured_media":0,"parent":0,"menu_order":0,"comment_status":"closed","ping_status":"closed","template":"","meta":{"footnotes":""},"_links":{"self":[{"href":"https:\/\/casacachada.pt\/en\/wp-json\/wp\/v2\/pages\/448"}],"collection":[{"href":"https:\/\/casacachada.pt\/en\/wp-json\/wp\/v2\/pages"}],"about":[{"href":"https:\/\/casacachada.pt\/en\/wp-json\/wp\/v2\/types\/page"}],"author":[{"embeddable":true,"href":"https:\/\/casacachada.pt\/en\/wp-json\/wp\/v2\/users\/1"}],"replies":[{"embeddable":true,"href":"https:\/\/casacachada.pt\/en\/wp-json\/wp\/v2\/comments?post=448"}],"version-history":[{"count":39,"href":"https:\/\/casacachada.pt\/en\/wp-json\/wp\/v2\/pages\/448\/revisions"}],"predecessor-version":[{"id":4020,"href":"https:\/\/casacachada.pt\/en\/wp-json\/wp\/v2\/pages\/448\/revisions\/4020"}],"wp:attachment":[{"href":"https:\/\/casacachada.pt\/en\/wp-json\/wp\/v2\/media?parent=448"}],"curies":[{"name":"wp","href":"https:\/\/api.w.org\/{rel}","templated":true}]}}