{"id":34,"date":"2022-11-13T09:55:04","date_gmt":"2022-11-13T08:55:04","guid":{"rendered":"http:\/\/www.nicdarkthemes.com\/themes\/hotel\/wp\/demo\/?page_id=34"},"modified":"2023-03-24T16:02:17","modified_gmt":"2023-03-24T15:02:17","slug":"termos-e-condicoes","status":"publish","type":"page","link":"https:\/\/casacachada.pt\/en\/terms-and-conditions\/","title":{"rendered":"Terms and conditions"},"content":{"rendered":"<div class=\"vc_row wpb_row vc_row-fluid\"><div class=\"wpb_column vc_column_container vc_col-sm-12\"><div class=\"vc_column-inner\"><div class=\"wpb_wrapper\"><div class=\"vc_empty_space\"   style=\"height: 70px\"><span class=\"vc_empty_space_inner\"><\/span><\/div>\n\t<div class=\"wpb_text_column wpb_content_element\" >\n\t\t<div class=\"wpb_wrapper\">\n\t\t\t<h1><strong>Terms and conditions<\/strong><\/h1>\n<p>&nbsp;<\/p>\n<p>The information contained in this website is the property of Casa Cachada. Its\u00a0<em>download<\/em>, reproduction or forwarding, in whole or in part, for commercial purposes is strictly prohibited.<\/p>\n<p>The user of this website may not use any software or application that interferes with its normal operation. You may not use any application, automatic mechanism or manual process to monitor or copy its pages, without the prior consent and authorisation of Casa Cachada.<\/p>\n<p>&nbsp;<\/p>\n<p><strong>RESERVATIONS<\/strong><\/p>\n<p><strong>GENERAL CONDITIONS<\/strong><\/p>\n<p>These terms and conditions, which may be changed at any time without notice, apply to all of our services. By accessing, browsing and using our website and\/or completing a booking, you acknowledge and agree that you have read, understood and accepted the terms and conditions below.<\/p>\n<p>The content, infrastructure and online booking service provided through this website are the property of Casa Cachada and are made available for your personal and non-commercial use only, subject to the terms and conditions set out below.<\/p>\n<p>&nbsp;<\/p>\n<ol>\n<li><strong> Scope of our Service<\/strong><\/li>\n<\/ol>\n<p>Casa Cachada provides a web platform through which it advertises its accommodation and rooms for booking, and visitors to the website can make reservations.<\/p>\n<p>Our services are made available for personal, non-commercial use only. Therefore, you may not sell, hyperlink, use, copy, monitor, display, download or reproduce any content or information, software, products or services available on our website for any commercial or competitive activity or purpose.<\/p>\n<p>&nbsp;<\/p>\n<ol start=\"2\">\n<li><strong> Prices<\/strong><\/li>\n<\/ol>\n<p>All prices on this website are quoted per full stay or per room, depending on the accommodation, and are inclusive of VAT (VAT rates are subject to change due to government taxation).<\/p>\n<p>&nbsp;<\/p>\n<ol start=\"3\">\n<li><strong> Privacy<\/strong><\/li>\n<\/ol>\n<p>Casa Cachada is governed by high ethical standards and respects your privacy. Your personal details are only used for the purpose of booking, we will not disclose your personal information to third parties without your consente.<\/p>\n<p>&nbsp;<\/p>\n<ol start=\"4\">\n<li><strong> Cancellation<\/strong><\/li>\n<\/ol>\n<p>By making a reservation, you accept and agree to the cancellation and no show conditions of the day for which you have made the reservation. We recommend that you carefully read the hotel's cancellation and no show conditions before making your reservation.<\/p>\n<p>&nbsp;<\/p>\n<p><strong>4.1 Cancellation Policy<\/strong><\/p>\n<p>- Cancellation charges are based on the total cost of the rental:<\/p>\n<ul>\n<li>Cancellation up to 30 days before the booking date, loss of 25% of the deposit;<\/li>\n<li>Cancellation up to 30 days before the booking date, loss of 25% of the deposit;<\/li>\n<li>Cancellation less than 7 days from the date of Booking, total loss;<\/li>\n<\/ul>\n<p>- In the event of exchanging dates, according to Casa Cachada's availability, a voucher valid for 1 year will be issued;<\/p>\n<p>&nbsp;<\/p>\n<ol start=\"5\">\n<li><strong> Payments<\/strong><\/li>\n<\/ol>\n<p>- Payment on the website of 50% of the total amount of the reservation. Payment of the remaining amount at check-in, in cash, at our establishments.<\/p>\n<p>&nbsp;<\/p>\n<ol start=\"6\">\n<li><strong> Conditions<\/strong><\/li>\n<\/ol>\n<p>- Check-in: 4pm to 8pm<\/p>\n<p>- Check-out: 9 to 11 am<\/p>\n<p>- Check-in must be booked.<\/p>\n<p>- Guests planning to arrive after 20:00 are kindly requested to inform us in advance.<\/p>\n<p>- Contact details can be found in the Booking confirmation.<\/p>\n<p>- Pets are not allowed.<\/p>\n\n\t\t<\/div>\n\t<\/div>\n<\/div><\/div><\/div><\/div><div class=\"vc_row wpb_row vc_row-fluid\"><div class=\"wpb_column vc_column_container vc_col-sm-12\"><div class=\"vc_column-inner\"><div class=\"wpb_wrapper\"><div class=\"vc_empty_space\"   style=\"height: 32px\"><span class=\"vc_empty_space_inner\"><\/span><\/div><\/div><\/div><\/div><\/div>","protected":false},"excerpt":{"rendered":"Termos &amp; Condi\u00e7\u00f5es &nbsp; A informa\u00e7\u00e3o contida neste website \u00e9 propriedade da Casa Cachada. O seu\u00a0download, reprodu\u00e7\u00e3o ou reenvio, parcial ou integral para fins comerciais, \u00e9 estritamente proibido. O utilizador deste website n\u00e3o poder\u00e1 utilizar qualquer software ou aplica\u00e7\u00e3o que interfira com o normal funcionamento do mesmo. N\u00e3o poder\u00e1 utilizar qualquer aplica\u00e7\u00e3o, mecanismo autom\u00e1tico ou [...]","protected":false},"author":1,"featured_media":0,"parent":0,"menu_order":0,"comment_status":"closed","ping_status":"closed","template":"","meta":{"footnotes":""},"_links":{"self":[{"href":"https:\/\/casacachada.pt\/en\/wp-json\/wp\/v2\/pages\/34"}],"collection":[{"href":"https:\/\/casacachada.pt\/en\/wp-json\/wp\/v2\/pages"}],"about":[{"href":"https:\/\/casacachada.pt\/en\/wp-json\/wp\/v2\/types\/page"}],"author":[{"embeddable":true,"href":"https:\/\/casacachada.pt\/en\/wp-json\/wp\/v2\/users\/1"}],"replies":[{"embeddable":true,"href":"https:\/\/casacachada.pt\/en\/wp-json\/wp\/v2\/comments?post=34"}],"version-history":[{"count":7,"href":"https:\/\/casacachada.pt\/en\/wp-json\/wp\/v2\/pages\/34\/revisions"}],"predecessor-version":[{"id":3579,"href":"https:\/\/casacachada.pt\/en\/wp-json\/wp\/v2\/pages\/34\/revisions\/3579"}],"wp:attachment":[{"href":"https:\/\/casacachada.pt\/en\/wp-json\/wp\/v2\/media?parent=34"}],"curies":[{"name":"wp","href":"https:\/\/api.w.org\/{rel}","templated":true}]}}