{"id":3,"date":"2022-02-27T15:55:09","date_gmt":"2022-02-27T15:55:09","guid":{"rendered":"https:\/\/casacachada.pt\/?page_id=3"},"modified":"2022-10-21T14:48:48","modified_gmt":"2022-10-21T13:48:48","slug":"politica-privacidade","status":"publish","type":"page","link":"https:\/\/casacachada.pt\/en\/politica-privacidade\/","title":{"rendered":"Privacy Policy"},"content":{"rendered":"<div class=\"vc_row wpb_row vc_row-fluid vc_custom_1558363216074\"><div class=\"wpb_animate_when_almost_visible wpb_fadeIn fadeIn wpb_column vc_column_container vc_col-sm-12\"><div class=\"vc_column-inner\"><div class=\"wpb_wrapper\"><div class=\"vc_row wpb_row vc_inner vc_row-fluid\"><div class=\"wpb_column vc_column_container vc_col-sm-6\"><div class=\"vc_column-inner\"><div class=\"wpb_wrapper\">\n\t<div class=\"wpb_text_column wpb_content_element\" >\n\t\t<div class=\"wpb_wrapper\">\n\t\t\t<p>WHAT PERSONAL DATA DO WE COLLECT?<\/p>\n<table>\n<tbody>\n<tr>\n<th>DATA CATEGORIES<\/th>\n<th>EXAMPLES<\/th>\n<\/tr>\n<tr>\n<td>Identifica\u00e7\u00e3o<\/td>\n<td>Name, Tax ID Number, Address, Date of Birth, Marital Status<\/td>\n<\/tr>\n<tr>\n<td>Contact<\/td>\n<td>Telephone and e-mail<\/td>\n<\/tr>\n<tr>\n<td>Profile and Interests<\/td>\n<td>Services and products purchased, frequency of visits, dates of visits, technical history, etc.<\/td>\n<\/tr>\n<\/tbody>\n<\/table>\n<p>&nbsp;<\/p>\n<p>&nbsp;<\/p>\n<p>WHO IS RESPONSIBLE FOR THE PROCESSING OF YOUR PERSONAL DATA?<\/p>\n<p>PORQUE \u00c9 QUE RECOLHEMOS ESTES DADOS?<\/p>\n<p>- Consent<br \/>\nWhere we have your prior express written consent on paper or online.<\/p>\n<p>- In the term of a contract for the provision of services<br \/>\nWhen the processing of personal data is necessary for the conclusion, execution and management of the contract for the provision of services.<\/p>\n<p>- Compliance with legal obligation<br \/>\nWhen the processing of personal data is necessary for the fulfilment of a legal obligation to which Casa Cachada is subject directly or indirectly (by virtue of the service contract with the client).<\/p>\n<p>WITH WHOM DO WE SHARE YOUR PERSONAL DATA?<\/p>\n<p>- Public bodies (Treasury, Courts, etc.)<br \/>\nEntidades a quem os dados tenham de ser comunicados por for\u00e7a da lei.<\/p>\n<p>- Subcontractors<br \/>\nYour data may be passed on to subcontractors to process it on our behalf.<br \/>\nIn this case, we will take the necessary contractual measures to ensure that subcontractors respect and protect the personal data of the data subject.<\/p>\n<p>WHAT DO WE DO WITH PERSONAL DATA?<\/p>\n<p>Personal data may be used for billing services; dissemination of marketing campaigns; consumer profiling, optimisation of the customer experience; tailoring and development of new products or services.<\/p>\n<p>FOR HOW LONG DO WE STORE PERSONAL DATA?<\/p>\n<p>- Mandatory data for compliance with legal obligations<br \/>\nThey will be kept for the required legal period (e.g. Tax Administration ? 12 Years).<\/p>\n<p>- Additional information<br \/>\nThey will only be kept for the period of time necessary for the fulfilment of the defined purpose or, as applicable, until you exercise your right to object, right to be forgotten or withdraw consent.<\/p>\n<p>HOW CAN YOU ACCESS THE PERSONAL DATA WE HOLD?<\/p>\n<p>You can request access to your personal data at any time by writing to <a href=\"mailto:geral@casacachada.pt\">geral@casacachada.pt\u00a0<\/a>and we will respond to you within 30 days. You can also view our privacy policy online at any time at <a href=\"https:\/\/www.marialourenco.com\/privacidade\">https:\/\/casacachada.pt\/en\/politica-privacidade\/<\/a>. We are committed to full transparency and will not hide information in small print.<\/p>\n\n\t\t<\/div>\n\t<\/div>\n<\/div><\/div><\/div><div class=\"wpb_column vc_column_container vc_col-sm-6\"><div class=\"vc_column-inner\"><div class=\"wpb_wrapper\">\n\t<div class=\"wpb_text_column wpb_content_element\" >\n\t\t<div class=\"wpb_wrapper\">\n\t\t\t<p>WHAT ARE YOUR RIGHTS AND HOW CAN YOU EXERCISE THEM?<\/p>\n<p>- Right of Access<br \/>\nThe right to obtain confirmation as to which of their personal data are being processed and information about them, such as the purposes for which they are being processed, their retention periods, among others.<\/p>\n<p>- Right of Rectification<br \/>\nThe right to request that inaccurate personal data be corrected or to request that incomplete personal data be completed.<\/p>\n<p>- Right to Erasure or Oblivion<br \/>\nThe right to obtain the deletion of your personal data, provided that there are no valid and well-known legal grounds for keeping it (e.g. legal obligations imposed by the tax authorities or the courts).<\/p>\n<p>- Right to Portability<br \/>\nThe right to receive the data you have provided in a commonly used digital format or to request the direct transmission of your data to another entity.<\/p>\n<p>- Right of Opposition<br \/>\nThe right to object to or withdraw your consent to data processing at any time, provided that there are no valid and well-known legal grounds for its retention (e.g. legal obligations imposed by the tax authorities or the courts).<\/p>\n<p>- Right of Limitation<br \/>\nThe right to request the restriction of the processing of your personal data, in the form of suspension of processing or limitation of the scope of processing to certain categories of data or purposes of processing, provided that there are no valid and well-known legal grounds for their retention (e.g. legal obligations imposed by the tax authorities or the courts).<\/p>\n<p>- Right Not to Be Subject to Automated Decisions<br \/>\nThe right not to be subject to decisions taken solely on the basis of data processing carried out by a computer programme designed to evaluate certain characteristics of the data subject, insofar as there are no valid and particularly justified legal grounds for their retention (e.g. legal obligations imposed by the tax authorities or the courts).<\/p>\n<p>- Right of Complaint<br \/>\nThe right to lodge a complaint with Casa Cachada and\/or the supervisory authority (CNPD), through the following contacts:<br \/>\nAddress: Rua de S\u00e3o Bento n.\u00ba 148-3\u00ba 1200-821 Lisboa<br \/>\nTel: +351 213928400 - Fax: +351 213976832 Email: geral@cnpd.pt<\/p>\n<p>- Right of Notification<br \/>\nRight to be notified by the personal data controller of situations where rectification or erasure of data or a personal data breach involving a high risk to personal rights and freedoms has taken place, unless this proves impossible or involves a disproportionate effort.<\/p>\n<p>You can request the exercise of your rights at any time by writing to <a href=\"mailto:geral@casacachada.pt\" target=\"_blank\" rel=\"noopener\">geral@casacachada.pt<\/a>.<br \/>\nWe will always reply within 30 days at the latest.<\/p>\n\n\t\t<\/div>\n\t<\/div>\n<\/div><\/div><\/div><\/div><\/div><\/div><\/div><\/div>","protected":false},"excerpt":{"rendered":"QUE DADOS PESSOAIS RECOLHEMOS? CATEGORIAS DE DADOS EXEMPLOS Identifica\u00e7\u00e3o Nome, NIF, Morada, Data de Nascimento, Estado Civil Contacto Telefone e E-mail Perfil e Interesses Servi\u00e7os e produtos adquiridos, frequ\u00eancia de visita, datas das visitas, hist\u00f3rico t\u00e9cnico, etc &nbsp; &nbsp; QUEM \u00c9 O RESPONS\u00c1VEL PELO TRATAMENTO DOS SEUS DADOS PESSOAIS? PORQUE \u00c9 QUE RECOLHEMOS ESTES DADOS? [...]","protected":false},"author":1,"featured_media":0,"parent":0,"menu_order":0,"comment_status":"closed","ping_status":"open","template":"","meta":{"footnotes":""},"_links":{"self":[{"href":"https:\/\/casacachada.pt\/en\/wp-json\/wp\/v2\/pages\/3"}],"collection":[{"href":"https:\/\/casacachada.pt\/en\/wp-json\/wp\/v2\/pages"}],"about":[{"href":"https:\/\/casacachada.pt\/en\/wp-json\/wp\/v2\/types\/page"}],"author":[{"embeddable":true,"href":"https:\/\/casacachada.pt\/en\/wp-json\/wp\/v2\/users\/1"}],"replies":[{"embeddable":true,"href":"https:\/\/casacachada.pt\/en\/wp-json\/wp\/v2\/comments?post=3"}],"version-history":[{"count":3,"href":"https:\/\/casacachada.pt\/en\/wp-json\/wp\/v2\/pages\/3\/revisions"}],"predecessor-version":[{"id":3336,"href":"https:\/\/casacachada.pt\/en\/wp-json\/wp\/v2\/pages\/3\/revisions\/3336"}],"wp:attachment":[{"href":"https:\/\/casacachada.pt\/en\/wp-json\/wp\/v2\/media?parent=3"}],"curies":[{"name":"wp","href":"https:\/\/api.w.org\/{rel}","templated":true}]}}